{"id":24436,"date":"2018-09-05T17:45:27","date_gmt":"2018-09-05T14:45:27","guid":{"rendered":"https:\/\/www.palamusemuuseum.ee\/korralda-uritus\/"},"modified":"2026-01-28T13:02:50","modified_gmt":"2026-01-28T11:02:50","slug":"korralda-uritus","status":"publish","type":"page","link":"https:\/\/www.palamusemuuseum.ee\/lv\/korralda-uritus\/","title":{"rendered":"Korralda \u00fcritus"},"content":{"rendered":"<div class=\"wpb-content-wrapper\"><p>[vc_row][vc_column][vc_column_text]<\/p>\n<h1 class=\"vc_custom_heading vc_custom_1543239485783\">TELPU APRAKSTS UN IZCENOJUMI<\/h1>\n<h2 class=\"vc_custom_heading vc_custom_1543239547750\"><span style=\"color: #00ab4e;\">Palamuse muzej\u0101 pied\u0101v\u0101jam organiz\u0113t da\u017e\u0101da veida izklaides pas\u0101kumus, konferences, koncertus, izr\u0101des un citus pas\u0101kumus.<\/span><\/h2>\n<p>&nbsp;<\/p>\n<h3 class=\"vc_custom_heading\"><span style=\"color: #00b3e6;\">Auditorija galvenaj\u0101 \u0113k\u0101<\/span><\/h3>\n<ul style=\"list-style-type: circle;\">\n<li>75 kvm., auditorijas tipa kr\u0113sli, kas paredz\u0113ti 175 cilv\u0113ku izvieto\u0161anai.<\/li>\n<li>Cena: 150Eur\/h<br \/>\n<img loading=\"lazy\" decoding=\"async\" class=\" wp-image-20506 alignleft\" src=\"https:\/\/www.palamusemuuseum.ee\/wp-content\/uploads\/2020\/12\/DSCF5309-HDR-400x267.jpg\" alt=\"\" width=\"527\" height=\"352\" srcset=\"https:\/\/www.palamusemuuseum.ee\/wp-content\/uploads\/2020\/12\/DSCF5309-HDR-400x267.jpg 400w, https:\/\/www.palamusemuuseum.ee\/wp-content\/uploads\/2020\/12\/DSCF5309-HDR-768x512.jpg 768w, https:\/\/www.palamusemuuseum.ee\/wp-content\/uploads\/2020\/12\/DSCF5309-HDR-1024x683.jpg 1024w, https:\/\/www.palamusemuuseum.ee\/wp-content\/uploads\/2020\/12\/DSCF5309-HDR-600x400.jpg 600w\" sizes=\"auto, (max-width: 527px) 100vw, 527px\" \/><\/li>\n<\/ul>\n<p>&nbsp;<\/p>\n<p>&nbsp;<\/p>\n<p>&nbsp;<\/p>\n<p>&nbsp;<\/p>\n<p>&nbsp;<\/p>\n<p>&nbsp;<\/p>\n<p>&nbsp;<\/p>\n<p>&nbsp;<\/p>\n<p>&nbsp;<\/p>\n<p>&nbsp;<\/p>\n<p>&nbsp;<\/p>\n<p>&nbsp;<\/p>\n<p>&nbsp;<\/p>\n<p>&nbsp;<\/p>\n<p>&nbsp;<\/p>\n<p>&nbsp;<\/p>\n<p>&nbsp;<\/p>\n<h3 class=\"vc_custom_heading\"><span style=\"color: #00b3e6;\">Klase galvenaj\u0101 \u0113k\u0101<\/span><\/h3>\n<ul style=\"list-style-type: circle;\">\n<li>43 kvm. Priek\u0161 32 cilv\u0113kiem.<\/li>\n<li>Apr\u012bkojums: 9 galdi un 32 kr\u0113sli, projektors un pieejami ekr\u0101ns.<\/li>\n<li>Cena: 36 Eur\/h<\/li>\n<\/ul>\n<p><img loading=\"lazy\" decoding=\"async\" class=\"wp-image-20492 alignleft\" src=\"https:\/\/www.palamusemuuseum.ee\/wp-content\/uploads\/2020\/12\/DSC_0834-400x267.jpg\" alt=\"\" width=\"528\" height=\"353\" srcset=\"https:\/\/www.palamusemuuseum.ee\/wp-content\/uploads\/2020\/12\/DSC_0834-400x267.jpg 400w, https:\/\/www.palamusemuuseum.ee\/wp-content\/uploads\/2020\/12\/DSC_0834-768x513.jpg 768w, https:\/\/www.palamusemuuseum.ee\/wp-content\/uploads\/2020\/12\/DSC_0834-1024x683.jpg 1024w, https:\/\/www.palamusemuuseum.ee\/wp-content\/uploads\/2020\/12\/DSC_0834-600x400.jpg 600w\" sizes=\"auto, (max-width: 528px) 100vw, 528px\" \/><\/p>\n<p>&nbsp;<\/p>\n<p>&nbsp;<\/p>\n<p>&nbsp;<\/p>\n<p>&nbsp;<\/p>\n<p>&nbsp;<\/p>\n<p>&nbsp;<\/p>\n<p>&nbsp;<\/p>\n<p>&nbsp;<\/p>\n<p>&nbsp;<\/p>\n<p>&nbsp;<\/p>\n<p>&nbsp;<\/p>\n<p>&nbsp;<\/p>\n<p>&nbsp;<\/p>\n<p>&nbsp;<\/p>\n<p>&nbsp;<\/p>\n<p>&nbsp;<\/p>\n<p>&nbsp;<\/p>\n<h3 class=\"vc_custom_heading\"><span style=\"color: #00b3e6;\">Klase skolas \u0113k\u0101<\/span><\/h3>\n<ul style=\"list-style-type: circle;\">\n<li>54 kvm priek\u0161 45 cilv\u0113kiem.<\/li>\n<li>Cena: 36 Eur\/h<\/li>\n<\/ul>\n<p><img loading=\"lazy\" decoding=\"async\" class=\" wp-image-20484 alignleft\" src=\"https:\/\/www.palamusemuuseum.ee\/wp-content\/uploads\/2020\/12\/Palamuse-muuseum-15-400x267.jpg\" alt=\"\" width=\"530\" height=\"353\" srcset=\"https:\/\/www.palamusemuuseum.ee\/wp-content\/uploads\/2020\/12\/Palamuse-muuseum-15-400x267.jpg 400w, https:\/\/www.palamusemuuseum.ee\/wp-content\/uploads\/2020\/12\/Palamuse-muuseum-15-768x513.jpg 768w, https:\/\/www.palamusemuuseum.ee\/wp-content\/uploads\/2020\/12\/Palamuse-muuseum-15-1024x684.jpg 1024w, https:\/\/www.palamusemuuseum.ee\/wp-content\/uploads\/2020\/12\/Palamuse-muuseum-15-600x401.jpg 600w\" sizes=\"auto, (max-width: 530px) 100vw, 530px\" \/><\/p>\n<p>&nbsp;<\/p>\n<p>&nbsp;<\/p>\n<p>&nbsp;<\/p>\n<p>&nbsp;<\/p>\n<p>&nbsp;<\/p>\n<p>&nbsp;<\/p>\n<p>&nbsp;<\/p>\n<p>&nbsp;<\/p>\n<p>&nbsp;<\/p>\n<p>&nbsp;<\/p>\n<p>&nbsp;<\/p>\n<p>&nbsp;<\/p>\n<p>&nbsp;<\/p>\n<p>&nbsp;<\/p>\n<p>&nbsp;<\/p>\n<p>&nbsp;<\/p>\n<p>&nbsp;<\/p>\n<p>&nbsp;<\/p>\n<h3 class=\"vc_custom_heading\"><span style=\"color: #00b3e6;\">Izst\u0101\u017eu z\u0101le skolas \u0113k\u0101<\/span><\/h3>\n<ul style=\"list-style-type: circle;\">\n<li>118 kvm, kur var izvietot l\u012bdz\u00a0 70 cilv\u0113kiem, ar iesp\u0113ju izmantot papildus telpu.<\/li>\n<li>Papildapr\u012bkojums: pieejami 50 kr\u0113sli, projektors un ekr\u0101ns.<\/li>\n<li>Cena: 60 Eur\/h<\/li>\n<\/ul>\n<p><img loading=\"lazy\" decoding=\"async\" class=\" wp-image-20511\" src=\"https:\/\/www.palamusemuuseum.ee\/wp-content\/uploads\/2020\/12\/koolimaja-n\u00e4itusesaal-400x300.jpg\" alt=\"\" width=\"531\" height=\"398\" srcset=\"https:\/\/www.palamusemuuseum.ee\/wp-content\/uploads\/2020\/12\/koolimaja-n\u00e4itusesaal-400x300.jpg 400w, https:\/\/www.palamusemuuseum.ee\/wp-content\/uploads\/2020\/12\/koolimaja-n\u00e4itusesaal-768x576.jpg 768w, https:\/\/www.palamusemuuseum.ee\/wp-content\/uploads\/2020\/12\/koolimaja-n\u00e4itusesaal-1024x768.jpg 1024w, https:\/\/www.palamusemuuseum.ee\/wp-content\/uploads\/2020\/12\/koolimaja-n\u00e4itusesaal-600x450.jpg 600w\" sizes=\"auto, (max-width: 531px) 100vw, 531px\" \/><\/p>\n<p>&nbsp;<\/p>\n<p>Visas cenas ir nor\u0101d\u012btas ar nodok\u013ciem.<\/p>\n<p>Papildinform\u0101cija un iepriek\u0161\u0113j\u0101 rezerv\u0101cija:\u00a0<a href=\"mailto:info@palamusemuuseum.ee\" target=\"_blank\" rel=\"noopener\">\u00a0info@palamusemuuseum.ee\u00a0<\/a>vai pa t\u0101lruni \u00a0+372 7760 514[\/vc_column_text][vc_column_text][\/vc_column_text][\/vc_column][\/vc_row]<\/p>\n<\/div>","protected":false},"excerpt":{"rendered":"<p>[vc_row][vc_column][vc_column_text] TELPU APRAKSTS UN IZCENOJUMI Palamuse muzej\u0101 pied\u0101v\u0101jam organiz\u0113t da\u017e\u0101da veida izklaides pas\u0101kumus, konferences, koncertus, izr\u0101des un citus pas\u0101kumus. &nbsp; Auditorija galvenaj\u0101 \u0113k\u0101 75 kvm., auditorijas tipa kr\u0113sli, kas paredz\u0113ti 175 cilv\u0113ku izvieto\u0161anai. Cena: 150Eur\/h &nbsp; &nbsp; &nbsp; &nbsp; &nbsp; &nbsp; &nbsp; &nbsp; &nbsp; &nbsp; &nbsp; &nbsp; &nbsp; &nbsp; &nbsp; &nbsp; &nbsp; Klase galvenaj\u0101 \u0113k\u0101 [&hellip;]<\/p>\n","protected":false},"author":1,"featured_media":0,"parent":0,"menu_order":0,"comment_status":"closed","ping_status":"closed","template":"","meta":{"_monsterinsights_skip_tracking":false,"_monsterinsights_sitenote_active":false,"_monsterinsights_sitenote_note":"","_monsterinsights_sitenote_category":0,"footnotes":""},"class_list":["post-24436","page","type-page","status-publish","hentry"],"_links":{"self":[{"href":"https:\/\/www.palamusemuuseum.ee\/lv\/wp-json\/wp\/v2\/pages\/24436","targetHints":{"allow":["GET"]}}],"collection":[{"href":"https:\/\/www.palamusemuuseum.ee\/lv\/wp-json\/wp\/v2\/pages"}],"about":[{"href":"https:\/\/www.palamusemuuseum.ee\/lv\/wp-json\/wp\/v2\/types\/page"}],"author":[{"embeddable":true,"href":"https:\/\/www.palamusemuuseum.ee\/lv\/wp-json\/wp\/v2\/users\/1"}],"replies":[{"embeddable":true,"href":"https:\/\/www.palamusemuuseum.ee\/lv\/wp-json\/wp\/v2\/comments?post=24436"}],"version-history":[{"count":3,"href":"https:\/\/www.palamusemuuseum.ee\/lv\/wp-json\/wp\/v2\/pages\/24436\/revisions"}],"predecessor-version":[{"id":24439,"href":"https:\/\/www.palamusemuuseum.ee\/lv\/wp-json\/wp\/v2\/pages\/24436\/revisions\/24439"}],"wp:attachment":[{"href":"https:\/\/www.palamusemuuseum.ee\/lv\/wp-json\/wp\/v2\/media?parent=24436"}],"curies":[{"name":"wp","href":"https:\/\/api.w.org\/{rel}","templated":true}]}}