{"id":18192,"date":"2018-09-05T15:42:18","date_gmt":"2018-09-05T12:42:18","guid":{"rendered":"https:\/\/palamusemuuseum.ee\/visiting\/"},"modified":"2026-02-26T16:36:47","modified_gmt":"2026-02-26T14:36:47","slug":"apmekletajiem","status":"publish","type":"page","link":"https:\/\/www.palamusemuuseum.ee\/lv\/apmekletajiem\/","title":{"rendered":"Apmekletajiem"},"content":{"rendered":"<div class=\"wpb-content-wrapper\"><p>[vc_row][vc_column][vc_tta_tour style=&#8221;flat&#8221; color=&#8221;white&#8221; spacing=&#8221;25&#8243; active_section=&#8221;1&#8243; el_class=&#8221;visitation-tab&#8221; css=&#8221;.vc_custom_1538042328331{background-color: #ffffff !important;}&#8221;][vc_tta_section title=&#8221;Darba laiki&#8221; tab_id=&#8221;darba-laiki&#8221;][vc_column_text]<\/p>\n<h3><span style=\"color: #00ab4e;\"><b>PALAMUSES MUZEJA DARBA LAIKI<\/b><\/span><\/h3>\n<p>&nbsp;<\/p>\n<p><strong>1. maijs &#8211; 30. septembris<\/strong><\/p>\n<p><strong>Pirmdiena \u2013 Sv\u0113tdiena no plkst. 10:00 \u2013 18:00<\/strong><\/p>\n<p>&nbsp;<\/p>\n<p><strong>1. oktobris &#8211; 30. apr\u012blis<\/strong><\/p>\n<p><strong>Otrdiena &#8211; Sestdiena no plkst. 10:00 \u2013 18:00<\/strong><\/p>\n<p>&nbsp;<\/p>\n<p>Bi\u013ce\u0161u tirdzniec\u012bba tiek p\u0101rtraukta pusstundu pirms muzeja darba laika beig\u0101m.<\/p>\n<p>&nbsp;<\/p>\n<p>Muzejs sl\u0113gts: 1. janv\u0101r\u012b, 24. febru\u0101r\u012b, 24. j\u016bnij\u0101, 20. august\u0101, un 24. &#8211; 26.decembr\u012b.<\/p>\n<p>23. febru\u0101r\u012b, 22. j\u016bnij\u0101, 23. decembr\u012b un 31. decembr\u012b muzejs str\u0101d\u0101 no plkst. 10 l\u012bdz 14.[\/vc_column_text][\/vc_tta_section][vc_tta_section title=&#8221;Bi\u013cetes&#8221; tab_id=&#8221;biletes&#8221;][vc_column_text css=&#8221;.vc_custom_1767625537215{background-color: #ffffff !important;border-radius: 1px !important;}&#8221;]<\/p>\n<h3><strong><span style=\"color: #00ab4e;\">Cenas<\/span><\/strong><\/h3>\n<p>&nbsp;<\/p>\n<p><strong>Pilna bi\u013cete\u00a0<\/strong> \u2013 \u20ac6 (*)<\/p>\n<p><strong>Atlai\u017eu bi\u013cete<\/strong> \u2013 \u20ac5 (**)<\/p>\n<p><strong>Gida pakalpojums\u00a0<\/strong> \u2013 \u20ac40 (***)<\/p>\n<p><strong>Tematisk\u0101s izst\u0101des bi\u013cete\u00a0<\/strong> \u2013 \u20ac3<\/p>\n<p>&nbsp;<\/p>\n<p>* muzeja un tematisko izst\u0101\u017eu apmekl\u0113jumam<\/p>\n<p>** l\u012bdz diviem pieaugu\u0161ajiem ar nepilngad\u012bgiem [9-18] b\u0113rniem<\/p>\n<p>*** viena apmekl\u0113t\u0101ja bi\u013cetes cena \u00a0b\u016bs atkar\u012bga no cilv\u0113ku skaita grup\u0101.\u00a0L\u016bdzu, rezerv\u0113jiet ekskursijas vismaz piecas dienas<br \/>\niepriek\u0161. Par ekskursij\u0101m sve\u0161valod\u0101s l\u016bdzam jaut\u0101t, rakstot uz <strong><span style=\"color: #ff6900;\"><a style=\"color: #ff6900;\" href=\"mailto:info@palamusemuuseum.ee\" target=\"_blank\" rel=\"noopener\">info@palamusemuuseum.ee<\/a><\/span><\/strong><\/p>\n<p>&nbsp;<\/p>\n<p><strong>Muzeja apmekl\u0113jumam l\u016bgums iepl\u0101not vismaz pusotru stundu laika!\u00a0<\/strong><\/p>\n<p>&nbsp;<\/p>\n<p>Palamuses muzeja ekspoz\u012bcij\u0101s inform\u0101cija ir pieejama igau\u0146u, krievu un ang\u013cu valod\u0101s.<\/p>\n<p>Audio gidi pied\u0101v\u0101 inform\u0101ciju ang\u013cu, krievu, somu, latvie\u0161u un igau\u0146u valod\u0101s. Lai ieg\u016btu pla\u0161\u0101ku inform\u0101ciju par audio gidu, jaut\u0101jiet bi\u013ce\u0161u kas\u0113. Audio gida izmanto\u0161ana ir bez maksas!<\/p>\n<p>&nbsp;<\/p>\n<p>Audio gida finans\u0113jums tika atbalst\u012bts Eiropas Soci\u0101l\u0101 fonda projekta \u201eAtbalsto\u0161as darb\u012bbas integr\u0101cijas veicin\u0101\u0161anai Igaunijas sabiedr\u012bb\u0101\u201c ietvaros un \u0161\u012b projekta apak\u0161nozares \u201eInform\u0101cijas prezent\u0101cijas sp\u0113ju palielin\u0101\u0161ana cit\u0101s valod\u0101s\u201c ietvaros.<\/p>\n<p>&nbsp;<\/p>\n<p><img loading=\"lazy\" decoding=\"async\" class=\"wp-image-19171 alignleft\" src=\"https:\/\/www.palamusemuuseum.ee\/wp-content\/uploads\/2019\/05\/2014-2020_EL_Sotsiaalfond-400x211.jpg\" alt=\"\" width=\"205\" height=\"108\" srcset=\"https:\/\/www.palamusemuuseum.ee\/wp-content\/uploads\/2019\/05\/2014-2020_EL_Sotsiaalfond-400x211.jpg 400w, https:\/\/www.palamusemuuseum.ee\/wp-content\/uploads\/2019\/05\/2014-2020_EL_Sotsiaalfond-768x406.jpg 768w, https:\/\/www.palamusemuuseum.ee\/wp-content\/uploads\/2019\/05\/2014-2020_EL_Sotsiaalfond-1024x541.jpg 1024w, https:\/\/www.palamusemuuseum.ee\/wp-content\/uploads\/2019\/05\/2014-2020_EL_Sotsiaalfond-600x317.jpg 600w, https:\/\/www.palamusemuuseum.ee\/wp-content\/uploads\/2019\/05\/2014-2020_EL_Sotsiaalfond.jpg 1600w\" sizes=\"auto, (max-width: 205px) 100vw, 205px\" \/><img loading=\"lazy\" decoding=\"async\" class=\"wp-image-19176 alignleft\" src=\"https:\/\/www.palamusemuuseum.ee\/wp-content\/uploads\/2019\/05\/MISA-inglise-400x271.jpg\" alt=\"\" width=\"185\" height=\"125\" srcset=\"https:\/\/www.palamusemuuseum.ee\/wp-content\/uploads\/2019\/05\/MISA-inglise-400x271.jpg 400w, https:\/\/www.palamusemuuseum.ee\/wp-content\/uploads\/2019\/05\/MISA-inglise.jpg 584w\" sizes=\"auto, (max-width: 185px) 100vw, 185px\" \/><img loading=\"lazy\" decoding=\"async\" class=\"wp-image-19181 alignleft\" src=\"https:\/\/www.palamusemuuseum.ee\/wp-content\/uploads\/2019\/05\/MISA-logo-400x80.jpg\" alt=\"\" width=\"385\" height=\"77\" srcset=\"https:\/\/www.palamusemuuseum.ee\/wp-content\/uploads\/2019\/05\/MISA-logo-400x80.jpg 400w, https:\/\/www.palamusemuuseum.ee\/wp-content\/uploads\/2019\/05\/MISA-logo-768x153.jpg 768w, https:\/\/www.palamusemuuseum.ee\/wp-content\/uploads\/2019\/05\/MISA-logo-600x120.jpg 600w, https:\/\/www.palamusemuuseum.ee\/wp-content\/uploads\/2019\/05\/MISA-logo.jpg 989w\" sizes=\"auto, (max-width: 385px) 100vw, 385px\" \/><\/p>\n<p>&nbsp;<\/p>\n<p>&nbsp;<\/p>\n<p>&nbsp;<\/p>\n<p>&nbsp;<\/p>\n<p>&nbsp;<\/p>\n<p>&nbsp;<\/p>\n<p>&nbsp;<\/p>\n<p>&nbsp;<\/p>\n<p>M\u0113s pie\u0146emam gan bankas kartes gan skaidru naudu.<\/p>\n<p>&nbsp;<\/p>\n<p>Visas cenas ir nor\u0101d\u012btas ar nodok\u013ciem.[\/vc_column_text][vc_column_text]<\/p>\n<h3><strong><span style=\"color: #00ab4e;\">BEZMAKSAS IEEJA MUZEJ\u0100\u00a0<\/span><\/strong><\/h3>\n<p>&nbsp;<\/p>\n<ul style=\"list-style-type: circle;\">\n<li>B\u0113rniem l\u012bdz 8 gadu vecumam;<\/li>\n<li>\u0122imen\u0113m ar 4 un vair\u0101k b\u0113rniem;<\/li>\n<li>Person\u0101m ar invalidit\u0101ti vecum\u0101 l\u012bdz 16 gadiem (uzr\u0101dot apliec\u012bbu) un vi\u0146a pavadonim;<\/li>\n<li>Person\u0101m ar \u013coti smagu un smagu invalidit\u0101ti, kas vec\u0101ki par 16 gadiem (uzr\u0101dot apliec\u012bbu) un vi\u0146u pavadonim;<\/li>\n<li>Repres\u0113t\u0101s un personas, kuras uzskata par repres\u0113t\u0101m (uzr\u0101dot apliec\u012bbu);<\/li>\n<li>Igaunijas muzeju darbiniekiem uzr\u0101dot darba apliec\u012bbu;<\/li>\n<li>Igaunijas Muzeju asoci\u0101cijas biedriem;<\/li>\n<li>ICOM kartes \u012bpa\u0161niekiem.<\/li>\n<\/ul>\n<p>[\/vc_column_text][vc_column_text]<\/p>\n<h3><strong><span style=\"color: #00ab4e;\">BEZMAKSAS DIENAS<\/span><\/strong><\/h3>\n<p>&nbsp;<\/p>\n<ul style=\"list-style-type: circle;\">\n<li>7. janv\u0101ris ( Oskara Lutss dzim\u0161anas diena);<\/li>\n<li>18. maijs (Starptautisk\u0101 Muzeju diena);<\/li>\n<li>1. j\u016bnijs (Starptautisk\u0101 B\u0113rnu aizsardz\u012bbas diena);<\/li>\n<\/ul>\n<p>[\/vc_column_text][\/vc_tta_section][vc_tta_section title=&#8221;Nok\u013c\u016b\u0161ana un st\u0101vieta&#8221; tab_id=&#8221;atrasanas-vieta-un-stavvieta&#8221;][vc_row_inner][vc_column_inner width=&#8221;1\/2&#8243;][vc_column_text]Muzeja apmekl\u0113t\u0101ji savus auto var novietot \u00a0Palamuses pils\u0113tas teritorij\u0101. Autobusu st\u0101vvieta atrodas Uus un Kalmistu ielu krustojum\u0101. Pils\u0113tas st\u0101vvieta atrodas tikai 150 m att\u0101lum\u0101 no muzeja. Visas pils\u0113tas autost\u0101vvietas ir bez maksas.<\/p>\n<p>&nbsp;<\/p>\n<p>Muzeja \u0113kai ir apgr\u016btin\u0101ta piek\u013cuve person\u0101m rati\u0146kr\u0113sl\u0101 un rati\u0146iem!<\/p>\n<p>&nbsp;<\/p>\n<p>Apmekl\u0113t\u0101ju centr\u0101 artodas lifts, kas paredz\u0113ts person\u0101m ar kust\u012bbu trauc\u0113jumiem.[\/vc_column_text][\/vc_column_inner][vc_column_inner width=&#8221;1\/2&#8243;][vc_gmaps link=&#8221;#E-8_JTBBJTNDaWZyYW1lJTIwc3JjJTNEJTIyaHR0cHMlM0ElMkYlMkZ3d3cuZ29vZ2xlLmNvbSUyRm1hcHMlMkZlbWJlZCUzRnBiJTNEJTIxMW0xOCUyMTFtMTIlMjExbTMlMjExZDIyMzUuNTQ1MjExNjA4MDA4NyUyMTJkMjYuNTgxMTA1NzA4MjQ0NjYlMjEzZDU4LjY4MjU3MDY2MTYzMTkzJTIxMm0zJTIxMWYwJTIxMmYwJTIxM2YwJTIxM20yJTIxMWkxMDI0JTIxMmk3NjglMjE0ZjEzLjElMjEzbTMlMjExbTIlMjExczB4NDY5NGIxZGI1OTVhZWYzZCUyNTNBMHhjN2Q2MDBiY2FiNjE1ODQwJTIxMnNLJTI1QzMlMjVCNnN0cmklMkJhbGxlZSUyQjMlMjUyQyUyQlBhbGFtdXNlJTI1MkMlMkI0OTIyNiUyQkolMjVDMyUyNUI1Z2V2YSUyQm1hYWtvbmQlMjE1ZTAlMjEzbTIlMjExc2VuJTIxMnNlZSUyMTR2MTUzODA0NTg0NTQ5NyUyMiUyMHdpZHRoJTNEJTIyNjAwJTIyJTIwaGVpZ2h0JTNEJTIyNDUwJTIyJTIwZnJhbWVib3JkZXIlM0QlMjIwJTIyJTIwc3R5bGUlM0QlMjJib3JkZXIlM0EwJTIyJTIwYWxsb3dmdWxsc2NyZWVuJTNFJTNDJTJGaWZyYW1lJTNF&#8221;][\/vc_column_inner][\/vc_row_inner][\/vc_tta_section][vc_tta_section title=&#8221;Sadarb\u012bbas partneru pakalpojumi&#8221; tab_id=&#8221;sadarbibas-partneri&#8221;][vc_row_inner][vc_column_inner][vc_custom_heading text=&#8221;Izklaides pas\u0101kumi un izbraukumi:&#8221; font_container=&#8221;tag:h2|font_size:18|text_align:left|color:%234c4c4c&#8221; google_fonts=&#8221;font_family:Libre%20Baskerville%3Aregular%2Citalic%2C700|font_style:700%20bold%20regular%3A700%3Anormal&#8221;][vc_column_text]<span style=\"color: #ff6900;\"><strong><a style=\"color: #ff6900; text-decoration: underline;\" href=\"http:\/\/jaaaeg.ee\/lv\/par-ledus-laikmeta-centru\/\" target=\"_blank\" rel=\"noopener\">Ice Age Centre<\/a><\/strong><\/span><\/p>\n<p><strong><span style=\"color: #ff6900;\"><a style=\"color: #ff6900; text-decoration: underline;\" href=\"http:\/\/www.kalevipojakoda.ee\/\" target=\"_blank\" rel=\"noopener\">Kalevipoja Koda<\/a><\/span><\/strong><\/p>\n<p><strong><span style=\"color: #ff6900;\"><a style=\"color: #ff6900; text-decoration: underline;\" href=\"https:\/\/loodusegakoos.ee\/elistvere-animal-park\" target=\"_blank\" rel=\"noopener\">Elistvere Animal Park<\/a><\/span><\/strong><\/p>\n<p><strong><span style=\"color: #ff6900;\"><a style=\"color: #ff6900; text-decoration: underline;\" href=\"http:\/\/muusa.ee\/?page_id=437\" target=\"_blank\" rel=\"noopener\">Liivi museum<\/a><\/span><\/strong><\/p>\n<p><strong><span style=\"color: #ff6900;\"><a style=\"color: #ff6900; text-decoration: underline;\" href=\"http:\/\/www.kuremaaloss.ee\/\" target=\"_blank\" rel=\"noopener\">Kuremaa castle and mill<\/a><\/span><\/strong><\/p>\n<p><strong><span style=\"color: #ff6900;\"><a style=\"color: #ff6900; text-decoration: underline;\" href=\"http:\/\/www.bettimuuseum.ee\" target=\"_blank\" rel=\"noopener\">Betti Alver museum<\/a><\/span><\/strong><\/p>\n<p><strong><span style=\"color: #ff6900;\"><a style=\"color: #ff6900; text-decoration: underline;\" href=\"http:\/\/vudila.ee\/lv\/\" target=\"_blank\" rel=\"noopener\">Vudila Playland\u00a0<\/a><\/span><\/strong>[\/vc_column_text][vc_custom_heading text=&#8221;Galdu kl\u0101\u0161ana:&#8221; font_container=&#8221;tag:h2|font_size:18|text_align:left|color:%234c4c4c&#8221; google_fonts=&#8221;font_family:Libre%20Baskerville%3Aregular%2Citalic%2C700|font_style:700%20bold%20regular%3A700%3Anormal&#8221;][vc_column_text]<\/p>\n<div class=\"vc_row wpb_row vc_inner vc_row-fluid\">\n<div class=\"wpb_column vc_column_container vc_col-sm-6\">\n<div class=\"vc_column-inner \">\n<div class=\"wpb_wrapper\">\n<div class=\"wpb_text_column wpb_content_element \">\n<div class=\"wpb_wrapper\"><\/div>\n<\/div>\n<\/div>\n<\/div>\n<\/div>\n<\/div>\n<div class=\"wpb_text_column wpb_content_element \">\n<div class=\"wpb_wrapper\">\n<p><strong><span style=\"color: #ff6900;\"><a style=\"color: #ff6900; text-decoration: underline;\" href=\"http:\/\/jaaaeg.ee\/polar-bear-cafe\/?lang=en\" target=\"_blank\" rel=\"noopener\">Ice Age Centre Polar Bear cafe\u00a0<\/a><\/span><\/strong><\/p>\n<p><strong><span style=\"color: #ff6900;\"><a style=\"color: #ff6900; text-decoration: underline;\" href=\"http:\/\/juulamois.ee\/english\/\" target=\"_blank\" rel=\"noopener\">Juulam\u00f5isa cafe<\/a><\/span><\/strong><\/p>\n<p><strong><span style=\"color: #ff6900;\"><a style=\"color: #ff6900; text-decoration: underline;\" href=\"http:\/\/www.facebook.com\/LaisholmPub\" target=\"_blank\" rel=\"noopener\">Laisholm Pub in J\u00f5geva<\/a><\/span><\/strong><\/p>\n<p><strong><span style=\"color: #ff6900;\"><a style=\"color: #ff6900; text-decoration: underline;\" href=\"http:\/\/www.kuremaaujula.ee\/\" target=\"_blank\" rel=\"noopener\">Kuremaa swimming pool cafe<\/a><\/span><\/strong><\/div>\n<\/div>\n<p>[\/vc_column_text][vc_custom_heading text=&#8221;Izmitin\u0101\u0161ana:&#8221; font_container=&#8221;tag:h2|font_size:18|text_align:left|color:%234c4c4c&#8221; google_fonts=&#8221;font_family:Libre%20Baskerville%3Aregular%2Citalic%2C700|font_style:700%20bold%20regular%3A700%3Anormal&#8221;][vc_column_text]<\/p>\n<div class=\"vc_row wpb_row vc_inner vc_row-fluid\">\n<div class=\"wpb_column vc_column_container vc_col-sm-6\">\n<div class=\"vc_column-inner \">\n<div class=\"wpb_wrapper\">\n<div class=\"wpb_text_column wpb_content_element \">\n<div class=\"wpb_wrapper\">\n<p style=\"text-align: left;\"><span style=\"color: #ff6900;\"><a style=\"color: #ff6900; text-decoration: underline;\" href=\"http:\/\/tartuhotell.ee\/en\/\" target=\"_blank\" rel=\"noopener\"><strong>Hotel Tartu<\/strong><\/a><\/span><\/p>\n<p style=\"text-align: left;\"><span style=\"color: #ff6900;\"><a style=\"color: #ff6900; text-decoration: underline;\" href=\"http:\/\/www.palamusekogudus.ee\/\" target=\"_blank\" rel=\"noopener\"><strong>EELK Palamuse P\u00fcha Bartholomeuse Koguduse guesthouse<\/strong><\/a><\/span><\/p>\n<p style=\"text-align: left;\"><strong><span style=\"color: #ff6900;\"><a style=\"color: #ff6900; text-decoration: underline;\" href=\"https:\/\/www.mokko.ee\/en-gb\" target=\"_blank\" rel=\"noopener\">Mokko Country Hotel<\/a><\/span><\/strong><\/p>\n<p style=\"text-align: left;\"><strong><span style=\"color: #ff6900;\"><a style=\"color: #ff6900; text-decoration: underline;\" href=\"http:\/\/www.udutalu.ee\/\" target=\"_blank\" rel=\"noopener\">Udu Talu<\/a><\/span><\/strong><\/p>\n<p style=\"text-align: left;\"><strong><span style=\"color: #ff6900;\"><a style=\"color: #ff6900; text-decoration: underline;\" href=\"http:\/\/www.kuremaaujula.ee\/\" target=\"_blank\" rel=\"noopener\">Kuremaa swimming pool and guest house\u00a0<\/a><\/span><\/strong><\/p>\n<p style=\"text-align: left;\"><strong><span style=\"color: #ff6900;\"><a style=\"color: #ff6900; text-decoration: underline;\" href=\"https:\/\/voorepuhkekeskus.ee\/en\" target=\"_blank\" rel=\"noopener\">Voore guesthouse<\/a><\/span><\/strong><\/p>\n<p style=\"text-align: left;\"><strong><span style=\"color: #ff6900;\"><a style=\"color: #ff6900; text-decoration: underline;\" href=\"http:\/\/www.jogevasport.ee\/\" target=\"_blank\" rel=\"noopener\">J\u00f5geva sportshall<\/a><\/span><\/strong><\/p>\n<\/div>\n<\/div>\n<\/div>\n<\/div>\n<\/div>\n<\/div>\n<div class=\"wpb_text_column wpb_content_element \">\n<div class=\"wpb_wrapper\"><\/div>\n<\/div>\n<p>[\/vc_column_text][\/vc_column_inner][\/vc_row_inner][\/vc_tta_section][vc_tta_section title=&#8221;Kafejn\u012bca T\u00f5nisson&#8221; tab_id=&#8221;tonisson-kafejnica&#8221;][vc_column_text]<\/p>\n<pre class=\"tw-data-text tw-text-large tw-ta\" dir=\"ltr\" data-placeholder=\"T\u00f5lge\" data-ved=\"2ahUKEwiQw52y8NaBAxXAKxAIHQtwDrYQ3ewLegQICBAQ\"><span class=\"Y2IQFc\" lang=\"lv\" style=\"font-family: georgia, palatino, serif;\"><span style=\"color: #339966;\"><strong>Kafejnica T\u00f5nisson<\/strong><\/span><\/span><\/pre>\n<p>+372 511 8478, Esta<\/p>\n<p>&nbsp;<\/p>\n<pre id=\"tw-target-text\" class=\"tw-data-text tw-text-large tw-ta\" dir=\"ltr\" data-placeholder=\"T\u00f5lge\" data-ved=\"2ahUKEwiQw52y8NaBAxXAKxAIHQtwDrYQ3ewLegQICBAQ\"><span class=\"Y2IQFc\" lang=\"lv\" style=\"font-family: georgia, palatino, serif;\">\u00a0<\/span><\/pre>\n<p><a href=\"https:\/\/palamusemuuseum.ee\/wp-content\/uploads\/2018\/10\/kohviku-terass.jpg\"><img loading=\"lazy\" decoding=\"async\" class=\"alignnone size-medium wp-image-17382\" src=\"https:\/\/www.palamusemuuseum.ee\/wp-content\/uploads\/2018\/10\/kohviku-terass-400x204.jpg\" alt=\"kohviku terass\" width=\"400\" height=\"204\" srcset=\"https:\/\/www.palamusemuuseum.ee\/wp-content\/uploads\/2018\/10\/kohviku-terass-400x204.jpg 400w, https:\/\/www.palamusemuuseum.ee\/wp-content\/uploads\/2018\/10\/kohviku-terass-768x392.jpg 768w, https:\/\/www.palamusemuuseum.ee\/wp-content\/uploads\/2018\/10\/kohviku-terass-1024x522.jpg 1024w, https:\/\/www.palamusemuuseum.ee\/wp-content\/uploads\/2018\/10\/kohviku-terass-600x306.jpg 600w, https:\/\/www.palamusemuuseum.ee\/wp-content\/uploads\/2018\/10\/kohviku-terass.jpg 1995w\" sizes=\"auto, (max-width: 400px) 100vw, 400px\" \/><\/a>[\/vc_column_text][\/vc_tta_section][\/vc_tta_tour][\/vc_column][\/vc_row]<\/p>\n<\/div>","protected":false},"excerpt":{"rendered":"<p>[vc_row][vc_column][vc_tta_tour style=&#8221;flat&#8221; color=&#8221;white&#8221; spacing=&#8221;25&#8243; active_section=&#8221;1&#8243; el_class=&#8221;visitation-tab&#8221; css=&#8221;.vc_custom_1538042328331{background-color: #ffffff !important;}&#8221;][vc_tta_section title=&#8221;Darba laiki&#8221; tab_id=&#8221;darba-laiki&#8221;][vc_column_text] PALAMUSES MUZEJA DARBA LAIKI &nbsp; 1. maijs &#8211; 30. septembris Pirmdiena \u2013 Sv\u0113tdiena no plkst. 10:00 \u2013 18:00 &nbsp; 1. oktobris &#8211; 30. apr\u012blis Otrdiena &#8211; Sestdiena no plkst. 10:00 \u2013 18:00 &nbsp; Bi\u013ce\u0161u tirdzniec\u012bba tiek p\u0101rtraukta pusstundu pirms muzeja darba laika beig\u0101m. [&hellip;]<\/p>\n","protected":false},"author":1,"featured_media":0,"parent":0,"menu_order":0,"comment_status":"closed","ping_status":"closed","template":"","meta":{"_monsterinsights_skip_tracking":false,"_monsterinsights_sitenote_active":false,"_monsterinsights_sitenote_note":"","_monsterinsights_sitenote_category":0,"footnotes":""},"class_list":["post-18192","page","type-page","status-publish","hentry"],"_links":{"self":[{"href":"https:\/\/www.palamusemuuseum.ee\/lv\/wp-json\/wp\/v2\/pages\/18192","targetHints":{"allow":["GET"]}}],"collection":[{"href":"https:\/\/www.palamusemuuseum.ee\/lv\/wp-json\/wp\/v2\/pages"}],"about":[{"href":"https:\/\/www.palamusemuuseum.ee\/lv\/wp-json\/wp\/v2\/types\/page"}],"author":[{"embeddable":true,"href":"https:\/\/www.palamusemuuseum.ee\/lv\/wp-json\/wp\/v2\/users\/1"}],"replies":[{"embeddable":true,"href":"https:\/\/www.palamusemuuseum.ee\/lv\/wp-json\/wp\/v2\/comments?post=18192"}],"version-history":[{"count":35,"href":"https:\/\/www.palamusemuuseum.ee\/lv\/wp-json\/wp\/v2\/pages\/18192\/revisions"}],"predecessor-version":[{"id":24490,"href":"https:\/\/www.palamusemuuseum.ee\/lv\/wp-json\/wp\/v2\/pages\/18192\/revisions\/24490"}],"wp:attachment":[{"href":"https:\/\/www.palamusemuuseum.ee\/lv\/wp-json\/wp\/v2\/media?parent=18192"}],"curies":[{"name":"wp","href":"https:\/\/api.w.org\/{rel}","templated":true}]}}