{"id":18165,"date":"2018-09-05T17:45:27","date_gmt":"2018-09-05T14:45:27","guid":{"rendered":"https:\/\/palamusemuuseum.ee\/%d0%be%d1%80%d0%b3%d0%b0%d0%bd%d0%b8%d0%b7%d0%b0%d1%86%d0%b8%d1%8f-%d0%bc%d0%b5%d1%80%d0%be%d0%bf%d1%80%d0%b8%d1%8f%d1%82%d0%b8%d0%b9-2\/"},"modified":"2018-12-06T12:48:56","modified_gmt":"2018-12-06T10:48:56","slug":"pasakumu-organizesana","status":"publish","type":"page","link":"https:\/\/www.palamusemuuseum.ee\/lv\/pasakumu-organizesana\/","title":{"rendered":"Pas\u0101kumu organiz\u0113\u0161ana"},"content":{"rendered":"<div class=\"wpb-content-wrapper\"><p>[vc_row][vc_column][vc_custom_heading text=&#8221;TELPU APRAKSTS UN IZCENOJUMI&#8221; font_container=&#8221;tag:h1|text_align:left|color:%234c4c4c&#8221; google_fonts=&#8221;font_family:Libre%20Baskerville%3Aregular%2Citalic%2C700|font_style:700%20bold%20regular%3A700%3Anormal&#8221; css=&#8221;.vc_custom_1543239485783{margin-bottom: 50px !important;}&#8221;][vc_custom_heading text=&#8221;Palamuse muzej\u0101 pied\u0101v\u0101jam organiz\u0113t da\u017e\u0101da veida izklaides pas\u0101kumus, konferences, koncertus, izr\u0101des un citus pas\u0101kumus.&#8221; font_container=&#8221;tag:h2|font_size:23|text_align:left|color:%2300ab4e&#8221; google_fonts=&#8221;font_family:Libre%20Baskerville%3Aregular%2Citalic%2C700|font_style:700%20bold%20regular%3A700%3Anormal&#8221; css=&#8221;.vc_custom_1543239547750{margin-bottom: 50px !important;}&#8221;][\/vc_column][\/vc_row][vc_row][vc_column width=&#8221;1\/2&#8243;][vc_custom_heading text=&#8221;Auditorija galvenaj\u0101 \u0113k\u0101&#8221; font_container=&#8221;tag:h3|text_align:left|color:%2300b3e6&#8243; google_fonts=&#8221;font_family:Raleway%3A100%2C200%2C300%2Cregular%2C500%2C600%2C700%2C800%2C900|font_style:500%20bold%20regular%3A500%3Anormal&#8221;][vc_column_text]<\/p>\n<ul style=\"list-style-type: circle;\">\n<li style=\"text-align: left;\">75 kvm., auditorijas tipa kr\u0113sli, kas paredz\u0113ti 175 cilv\u0113ku izvieto\u0161anai.<\/li>\n<li style=\"text-align: left;\">Cena: 150Eur\/h<\/li>\n<\/ul>\n<p>[\/vc_column_text][vc_custom_heading text=&#8221;Klase galvenaj\u0101 \u0113k\u0101&#8221; font_container=&#8221;tag:h3|text_align:left|color:%2300b3e6&#8243; google_fonts=&#8221;font_family:Raleway%3A100%2C200%2C300%2Cregular%2C500%2C600%2C700%2C800%2C900|font_style:500%20bold%20regular%3A500%3Anormal&#8221;][vc_column_text]<\/p>\n<ul style=\"list-style-type: circle;\">\n<li style=\"text-align: left;\">43 kvm. Priek\u0161 32 cilv\u0113kiem.<\/li>\n<li style=\"text-align: left;\">Apr\u012bkojums: 9 galdi un 32 kr\u0113sli, projektors un pieejami ekr\u0101ns.<\/li>\n<li style=\"text-align: left;\">Cena: 36 Eur\/h<\/li>\n<\/ul>\n<p>[\/vc_column_text][vc_custom_heading text=&#8221;Klase skolas \u0113k\u0101&#8221; font_container=&#8221;tag:h3|text_align:left|color:%2300b3e6&#8243; google_fonts=&#8221;font_family:Raleway%3A100%2C200%2C300%2Cregular%2C500%2C600%2C700%2C800%2C900|font_style:500%20bold%20regular%3A500%3Anormal&#8221;][vc_column_text]<\/p>\n<h2 style=\"text-align: center;\"><\/h2>\n<ul style=\"list-style-type: circle;\">\n<li style=\"text-align: left;\">54 kvm priek\u0161 45 cilv\u0113kiem.<\/li>\n<li style=\"text-align: left;\">Cena: 36 Eur\/h<\/li>\n<\/ul>\n<p>[\/vc_column_text][vc_custom_heading text=&#8221;Izst\u0101\u017eu z\u0101le skolas \u0113k\u0101&#8221; font_container=&#8221;tag:h3|text_align:left|color:%2300b3e6&#8243; google_fonts=&#8221;font_family:Raleway%3A100%2C200%2C300%2Cregular%2C500%2C600%2C700%2C800%2C900|font_style:500%20bold%20regular%3A500%3Anormal&#8221;][vc_column_text]<\/p>\n<ul style=\"list-style-type: circle;\">\n<li style=\"text-align: left;\">118 kvm, kur var izvietot l\u012bdz\u00a0 70 cilv\u0113kiem, ar iesp\u0113ju izmantot papildus telpu.<\/li>\n<li style=\"text-align: left;\">Papildapr\u012bkojums: pieejami 50 kr\u0113sli, projektors un ekr\u0101ns.<\/li>\n<li style=\"text-align: left;\">Cena: 60 Eur\/h<\/li>\n<\/ul>\n<p>&nbsp;<\/p>\n<p>Visas cenas ir nor\u0101d\u012btas ar nodok\u013ciem.<\/p>\n<p>&nbsp;<\/p>\n<p><span style=\"font-family: arial, helvetica, sans-serif; font-size: 14pt; color: #333333;\">Papildinform\u0101cija un iepriek\u0161\u0113j\u0101 rezerv\u0101cija: <a href=\"mailto:info@palamusemuuseum.ee\" target=\"_blank\" rel=\"noopener\">\u00a0info@palamusemuuseum.ee <\/a>vai pa t\u0101lruni \u00a0+372 7760 514<\/span>[\/vc_column_text][\/vc_column][vc_column width=&#8221;1\/2&#8243;][vc_single_image image=&#8221;17078&#8243; img_size=&#8221;large&#8221;][\/vc_column][\/vc_row]<\/p>\n<\/div>","protected":false},"excerpt":{"rendered":"<p>[vc_row][vc_column][vc_custom_heading text=&#8221;TELPU APRAKSTS UN IZCENOJUMI&#8221; font_container=&#8221;tag:h1|text_align:left|color:%234c4c4c&#8221; google_fonts=&#8221;font_family:Libre%20Baskerville%3Aregular%2Citalic%2C700|font_style:700%20bold%20regular%3A700%3Anormal&#8221; css=&#8221;.vc_custom_1543239485783{margin-bottom: 50px !important;}&#8221;][vc_custom_heading text=&#8221;Palamuse muzej\u0101 pied\u0101v\u0101jam organiz\u0113t da\u017e\u0101da veida izklaides pas\u0101kumus, konferences, koncertus, izr\u0101des un citus pas\u0101kumus.&#8221; font_container=&#8221;tag:h2|font_size:23|text_align:left|color:%2300ab4e&#8221; google_fonts=&#8221;font_family:Libre%20Baskerville%3Aregular%2Citalic%2C700|font_style:700%20bold%20regular%3A700%3Anormal&#8221; css=&#8221;.vc_custom_1543239547750{margin-bottom: 50px !important;}&#8221;][\/vc_column][\/vc_row][vc_row][vc_column width=&#8221;1\/2&#8243;][vc_custom_heading text=&#8221;Auditorija galvenaj\u0101 \u0113k\u0101&#8221; font_container=&#8221;tag:h3|text_align:left|color:%2300b3e6&#8243; google_fonts=&#8221;font_family:Raleway%3A100%2C200%2C300%2Cregular%2C500%2C600%2C700%2C800%2C900|font_style:500%20bold%20regular%3A500%3Anormal&#8221;][vc_column_text] 75 kvm., auditorijas tipa kr\u0113sli, kas paredz\u0113ti 175 cilv\u0113ku izvieto\u0161anai. Cena: 150Eur\/h [\/vc_column_text][vc_custom_heading text=&#8221;Klase galvenaj\u0101 \u0113k\u0101&#8221; font_container=&#8221;tag:h3|text_align:left|color:%2300b3e6&#8243; google_fonts=&#8221;font_family:Raleway%3A100%2C200%2C300%2Cregular%2C500%2C600%2C700%2C800%2C900|font_style:500%20bold%20regular%3A500%3Anormal&#8221;][vc_column_text] 43 kvm. [&hellip;]<\/p>\n","protected":false},"author":1,"featured_media":0,"parent":0,"menu_order":0,"comment_status":"closed","ping_status":"closed","template":"","meta":{"_monsterinsights_skip_tracking":false,"_monsterinsights_sitenote_active":false,"_monsterinsights_sitenote_note":"","_monsterinsights_sitenote_category":0,"footnotes":""},"class_list":["post-18165","page","type-page","status-publish","hentry"],"_links":{"self":[{"href":"https:\/\/www.palamusemuuseum.ee\/lv\/wp-json\/wp\/v2\/pages\/18165","targetHints":{"allow":["GET"]}}],"collection":[{"href":"https:\/\/www.palamusemuuseum.ee\/lv\/wp-json\/wp\/v2\/pages"}],"about":[{"href":"https:\/\/www.palamusemuuseum.ee\/lv\/wp-json\/wp\/v2\/types\/page"}],"author":[{"embeddable":true,"href":"https:\/\/www.palamusemuuseum.ee\/lv\/wp-json\/wp\/v2\/users\/1"}],"replies":[{"embeddable":true,"href":"https:\/\/www.palamusemuuseum.ee\/lv\/wp-json\/wp\/v2\/comments?post=18165"}],"version-history":[{"count":11,"href":"https:\/\/www.palamusemuuseum.ee\/lv\/wp-json\/wp\/v2\/pages\/18165\/revisions"}],"predecessor-version":[{"id":18558,"href":"https:\/\/www.palamusemuuseum.ee\/lv\/wp-json\/wp\/v2\/pages\/18165\/revisions\/18558"}],"wp:attachment":[{"href":"https:\/\/www.palamusemuuseum.ee\/lv\/wp-json\/wp\/v2\/media?parent=18165"}],"curies":[{"name":"wp","href":"https:\/\/api.w.org\/{rel}","templated":true}]}}