{"id":18143,"date":"2018-09-05T18:40:04","date_gmt":"2018-09-05T15:40:04","guid":{"rendered":"https:\/\/palamusemuuseum.ee\/employees\/"},"modified":"2025-11-11T15:49:17","modified_gmt":"2025-11-11T13:49:17","slug":"darbinieki","status":"publish","type":"page","link":"https:\/\/www.palamusemuuseum.ee\/lv\/darbinieki\/","title":{"rendered":"Darbinieki"},"content":{"rendered":"<div class=\"wpb-content-wrapper\"><p>[vc_row][vc_column width=&#8221;1\/4&#8243;][vc_single_image image=&#8221;17128&#8243; alignment=&#8221;center&#8221; style=&#8221;vc_box_shadow_circle_2&#8243;][vc_column_text]<\/p>\n<h3 style=\"text-align: center;\">Arne Tegelmann<\/h3>\n<h4 style=\"text-align: center;\">Direktors<\/h4>\n<p style=\"text-align: center;\"><a href=\"mailto:Arne.Tegelmann@palamusemuuseum.ee\" target=\"_blank\" rel=\"noopener\"><span style=\"font-weight: 400;\">Arne.Tegelmann@palamusemuuseum.ee<\/span><\/a><\/p>\n<p style=\"text-align: center;\"><span style=\"font-weight: 400;\">T\u0101lrunis: +372 514 8723<\/span><\/p>\n<p>[\/vc_column_text][\/vc_column][vc_column width=&#8221;1\/4&#8243;][vc_single_image image=&#8221;23497&#8243; alignment=&#8221;center&#8221; style=&#8221;vc_box_shadow_circle_2&#8243;][vc_column_text]<\/p>\n<h3 style=\"text-align: center;\"><span style=\"font-weight: 400;\">Gerda N\u00f5mmik<\/span><\/h3>\n<h4 style=\"text-align: center;\"><\/h4>\n<h4 style=\"text-align: center;\">Sekret\u0101rs-klientu asistents<\/h4>\n<p style=\"text-align: center;\"><a href=\"mailto:Gerda.Nommik@palamusemuuseum.ee\" target=\"_blank\" rel=\"noopener\">Gerda.Nommik@palamusemuuseum.ee<\/a><\/p>\n<p>[\/vc_column_text][\/vc_column][vc_column width=&#8221;1\/4&#8243;][vc_single_image image=&#8221;22469&#8243; alignment=&#8221;center&#8221; style=&#8221;vc_box_shadow_circle_2&#8243;][vc_column_text]<\/p>\n<h3 style=\"text-align: center;\">Krista Sukk<\/h3>\n<h4 style=\"text-align: center;\">Zin\u0101tnieks<\/h4>\n<p style=\"text-align: center;\"><a href=\"mailto:Krista.Sukk@palamusemuuseum.ee\">Krista.Sukk@palamusemuuseum.ee<\/a><\/p>\n<p>[\/vc_column_text][\/vc_column][vc_column width=&#8221;1\/4&#8243;][vc_single_image image=&#8221;20786&#8243; alignment=&#8221;center&#8221; style=&#8221;vc_box_shadow_circle_2&#8243;][vc_column_text]<\/p>\n<h3 style=\"text-align: center;\">Reele Kuuse<\/h3>\n<h4 style=\"text-align: center;\">Galvenais kurators<\/h4>\n<p style=\"text-align: center;\"><a href=\"mailto:Reele.Kuuse@palamusemuuseum.ee\" target=\"_blank\" rel=\"noopener\"><span style=\"font-weight: 400;\">Reele.Kuuse@palamusemuuseum.ee<\/span><\/a><\/p>\n<p>[\/vc_column_text][\/vc_column][\/vc_row][vc_row][vc_column width=&#8221;1\/4&#8243;][vc_single_image image=&#8221;23504&#8243; alignment=&#8221;center&#8221; style=&#8221;vc_box_shadow_circle_2&#8243;][vc_column_text]<\/p>\n<h3 style=\"text-align: center;\">Kristi Neare<\/h3>\n<h4 style=\"text-align: center;\">M\u0101rketinga un komunik\u0101cijas speci\u0101lists<\/h4>\n<p style=\"text-align: center;\"><a href=\"mailto:Kristi.Neare@palamusemuuseum.ee\" target=\"_blank\" rel=\"noopener\">Kristi.Neare@palamusemuuseum.ee<\/a><\/p>\n<p>[\/vc_column_text][\/vc_column][vc_column width=&#8221;1\/4&#8243;][vc_single_image image=&#8221;22454&#8243; alignment=&#8221;center&#8221; style=&#8221;vc_box_shadow_circle_2&#8243;][vc_column_text]<\/p>\n<h3 style=\"text-align: center;\"><span style=\"font-weight: 400;\">Janne Karu<\/span><\/h3>\n<h4 style=\"text-align: center;\">Projektu un att\u012bst\u012bbas speci\u0101lists<\/h4>\n<p style=\"text-align: center;\"><a href=\"mailto:Janne.Karu@palamusemuuseum.ee\" target=\"_blank\" rel=\"noopener\"><span style=\"font-weight: 400;\">Janne.Karu@palamusemuuseum.ee<\/span><\/a><\/p>\n<p>[\/vc_column_text][\/vc_column][vc_column width=&#8221;1\/4&#8243;][vc_single_image image=&#8221;20786&#8243; alignment=&#8221;center&#8221; style=&#8221;vc_box_shadow_circle_2&#8243;][vc_column_text]<\/p>\n<h3 style=\"text-align: center;\"><span style=\"font-weight: 400;\">Aire Aruv\u00e4li<\/span><\/h3>\n<h4 style=\"text-align: center;\">Apkop\u0113js<\/h4>\n<p style=\"text-align: center;\">[\/vc_column_text][\/vc_column][vc_column width=&#8221;1\/4&#8243;][vc_single_image image=&#8221;20786&#8243; alignment=&#8221;center&#8221; style=&#8221;vc_box_shadow_circle_2&#8243;][vc_column_text]<\/p>\n<h3 style=\"text-align: center;\"><span style=\"font-weight: 400;\">Aime Normak<\/span><\/h3>\n<h4 style=\"text-align: center;\">Z\u0101les p\u0101rzinis<\/h4>\n<p style=\"text-align: center;\">&nbsp;[\/vc_column_text][\/vc_column][\/vc_row][vc_row disable_element=&#8221;yes&#8221;][vc_column width=&#8221;1\/4&#8243;][vc_single_image image=&#8221;20786&#8243; alignment=&#8221;center&#8221; style=&#8221;vc_box_shadow_circle_2&#8243;][vc_column_text]<\/p>\n<h3 style=\"text-align: center;\">Taire Mikalai<\/h3>\n<h4 style=\"text-align: center;\">Z\u0101les p\u0101rzinis<\/h4>\n<p style=\"text-align: center;\">[\/vc_column_text][\/vc_column][vc_column width=&#8221;1\/4&#8243;][vc_single_image image=&#8221;20786&#8243; alignment=&#8221;center&#8221; style=&#8221;vc_box_shadow_circle_2&#8243;][vc_column_text]<\/p>\n<h3 style=\"text-align: center;\"><span style=\"font-weight: 400;\">Oksana Veesaar<\/span><\/h3>\n<h4 style=\"text-align: center;\">Apkop\u0113js<\/h4>\n<p style=\"text-align: center;\">[\/vc_column_text][\/vc_column][vc_column width=&#8221;1\/4&#8243;][vc_single_image image=&#8221;20793&#8243; alignment=&#8221;center&#8221; style=&#8221;vc_box_shadow_circle_2&#8243;][vc_column_text]<\/p>\n<h3 style=\"text-align: center;\"><span style=\"font-weight: 400;\">Raivo Kadaja<\/span><\/h3>\n<h4 style=\"text-align: center;\"><\/h4>\n<p style=\"text-align: center;\">[\/vc_column_text][\/vc_column][\/vc_row][vc_row][vc_column width=&#8221;1\/4&#8243;][vc_single_image image=&#8221;20793&#8243; alignment=&#8221;center&#8221; style=&#8221;vc_box_shadow_circle&#8221;][vc_column_text]<\/p>\n<h3 style=\"text-align: center;\">Raivo Kadaja<\/h3>\n<p style=\"text-align: center;\">[\/vc_column_text][\/vc_column][\/vc_row][vc_row disable_element=&#8221;yes&#8221;][vc_column width=&#8221;1\/4&#8243;][vc_single_image image=&#8221;20786&#8243; alignment=&#8221;center&#8221; style=&#8221;vc_box_shadow_circle&#8221;][vc_column_text]<\/p>\n<h3 style=\"text-align: center;\">Taire Mikalai<\/h3>\n<h4 style=\"text-align: center;\">Z\u0101les p\u0101rzinis\/apkop\u0113js<\/h4>\n<p style=\"text-align: center;\"><a href=\"mailto:Ingrid.Juuse@palamusemuuseum.ee\" target=\"_blank\" rel=\"noopener\">Taire.Mikalai@palamusemuuseum.ee<\/a><\/p>\n<p>[\/vc_column_text][\/vc_column][vc_column width=&#8221;1\/4&#8243;][vc_single_image image=&#8221;20786&#8243; alignment=&#8221;center&#8221; style=&#8221;vc_box_shadow_circle_2&#8243;][vc_column_text]<\/p>\n<h3 style=\"text-align: center;\"><span style=\"font-weight: 400;\">Aire Aruv\u00e4li<\/span><\/h3>\n<h4 style=\"text-align: center;\">Apkop\u0113js<\/h4>\n<p>[\/vc_column_text][\/vc_column][\/vc_row]<\/p>\n<\/div>","protected":false},"excerpt":{"rendered":"<p>[vc_row][vc_column width=&#8221;1\/4&#8243;][vc_single_image image=&#8221;17128&#8243; alignment=&#8221;center&#8221; style=&#8221;vc_box_shadow_circle_2&#8243;][vc_column_text] Arne Tegelmann Direktors Arne.Tegelmann@palamusemuuseum.ee T\u0101lrunis: +372 514 8723 [\/vc_column_text][\/vc_column][vc_column width=&#8221;1\/4&#8243;][vc_single_image image=&#8221;23497&#8243; alignment=&#8221;center&#8221; style=&#8221;vc_box_shadow_circle_2&#8243;][vc_column_text] Gerda N\u00f5mmik Sekret\u0101rs-klientu asistents Gerda.Nommik@palamusemuuseum.ee [\/vc_column_text][\/vc_column][vc_column width=&#8221;1\/4&#8243;][vc_single_image image=&#8221;22469&#8243; alignment=&#8221;center&#8221; style=&#8221;vc_box_shadow_circle_2&#8243;][vc_column_text] Krista Sukk Zin\u0101tnieks Krista.Sukk@palamusemuuseum.ee [\/vc_column_text][\/vc_column][vc_column width=&#8221;1\/4&#8243;][vc_single_image image=&#8221;20786&#8243; alignment=&#8221;center&#8221; style=&#8221;vc_box_shadow_circle_2&#8243;][vc_column_text] Reele Kuuse Galvenais kurators Reele.Kuuse@palamusemuuseum.ee [\/vc_column_text][\/vc_column][\/vc_row][vc_row][vc_column width=&#8221;1\/4&#8243;][vc_single_image image=&#8221;23504&#8243; alignment=&#8221;center&#8221; style=&#8221;vc_box_shadow_circle_2&#8243;][vc_column_text] Kristi Neare M\u0101rketinga un komunik\u0101cijas speci\u0101lists Kristi.Neare@palamusemuuseum.ee [\/vc_column_text][\/vc_column][vc_column [&hellip;]<\/p>\n","protected":false},"author":1,"featured_media":0,"parent":0,"menu_order":0,"comment_status":"closed","ping_status":"closed","template":"","meta":{"_monsterinsights_skip_tracking":false,"_monsterinsights_sitenote_active":false,"_monsterinsights_sitenote_note":"","_monsterinsights_sitenote_category":0,"footnotes":""},"class_list":["post-18143","page","type-page","status-publish","hentry"],"_links":{"self":[{"href":"https:\/\/www.palamusemuuseum.ee\/lv\/wp-json\/wp\/v2\/pages\/18143","targetHints":{"allow":["GET"]}}],"collection":[{"href":"https:\/\/www.palamusemuuseum.ee\/lv\/wp-json\/wp\/v2\/pages"}],"about":[{"href":"https:\/\/www.palamusemuuseum.ee\/lv\/wp-json\/wp\/v2\/types\/page"}],"author":[{"embeddable":true,"href":"https:\/\/www.palamusemuuseum.ee\/lv\/wp-json\/wp\/v2\/users\/1"}],"replies":[{"embeddable":true,"href":"https:\/\/www.palamusemuuseum.ee\/lv\/wp-json\/wp\/v2\/comments?post=18143"}],"version-history":[{"count":38,"href":"https:\/\/www.palamusemuuseum.ee\/lv\/wp-json\/wp\/v2\/pages\/18143\/revisions"}],"predecessor-version":[{"id":24163,"href":"https:\/\/www.palamusemuuseum.ee\/lv\/wp-json\/wp\/v2\/pages\/18143\/revisions\/24163"}],"wp:attachment":[{"href":"https:\/\/www.palamusemuuseum.ee\/lv\/wp-json\/wp\/v2\/media?parent=18143"}],"curies":[{"name":"wp","href":"https:\/\/api.w.org\/{rel}","templated":true}]}}