{"id":18141,"date":"2018-09-05T12:15:40","date_gmt":"2018-09-05T09:15:40","guid":{"rendered":"https:\/\/palamusemuuseum.ee\/contact\/"},"modified":"2018-11-26T14:56:40","modified_gmt":"2018-11-26T12:56:40","slug":"kontakti","status":"publish","type":"page","link":"https:\/\/www.palamusemuuseum.ee\/lv\/kontakti\/","title":{"rendered":"Kontakti"},"content":{"rendered":"<div class=\"wpb-content-wrapper\"><p>[vc_row][vc_column width=&#8221;1\/2&#8243;][vc_column_text]<b><strong>Kontaktinform\u0101cija un rekviz\u012bti<\/strong><\/b><\/p>\n<p>&nbsp;<\/p>\n<p><b>Palamuse O. Lutsu Kihelkonnakoolimuuseum<\/b><\/p>\n<p><span style=\"font-weight: 400;\">K\u00f6stri allee 3, Palamuse, <\/span><span style=\"font-weight: 400;\">49226 J\u00f5geva maakond<\/span><\/p>\n<p>&nbsp;<\/p>\n<p><b>Registry code: <\/b><span style=\"font-weight: 400;\">70004137<\/span><\/p>\n<p><b>VAT number: <\/b><span style=\"font-weight: 400;\">EE101755254<\/span><\/p>\n<p>&nbsp;<\/p>\n<p><span style=\"font-weight: 400;\"><strong>Account holder:<\/strong> Rahandusministeerium <\/span><\/p>\n<p><span style=\"font-weight: 400;\">Account number: a\/a EE891010220034796011 SEB Pank<\/span><\/p>\n<p><span style=\"font-weight: 400;\">Reference number: 2800047436<\/span><em>\u00a0 \u00a0 \u00a0 \u00a0 \u00a0\u00a0<\/em><\/p>\n<p>&nbsp;<\/p>\n<p><b>T\u0101lrunis:\u00a0<\/b> <span style=\"font-weight: 400;\">+372 7760 514<\/span><\/p>\n<p><b>E-pasts:\u00a0<\/b> <a href=\"mailto:info@palamusemuuseum.ee\"><span style=\"font-weight: 400;\">info@palamusemuuseum.ee<\/span><\/a><\/p>\n<p>&nbsp;<\/p>\n<p>&nbsp;<\/p>\n<p><span style=\"font-weight: 400;\">Muzejs atrodas tikai 2.5 h stundu braucien\u0101 no Tallinas un 45. min. braucien\u0101 no Tartu.<\/span>[\/vc_column_text][\/vc_column][vc_column width=&#8221;1\/2&#8243;][vc_gmaps link=&#8221;#E-8_JTBBJTNDaWZyYW1lJTIwc3JjJTNEJTIyaHR0cHMlM0ElMkYlMkZ3d3cuZ29vZ2xlLmNvbSUyRm1hcHMlMkZlbWJlZCUzRnBiJTNEJTIxMW0xOCUyMTFtMTIlMjExbTMlMjExZDIyMzUuNTQ1MjExNjA4MDA4NyUyMTJkMjYuNTgxMTA1NzA4MjQ0NjYlMjEzZDU4LjY4MjU3MDY2MTYzMTkzJTIxMm0zJTIxMWYwJTIxMmYwJTIxM2YwJTIxM20yJTIxMWkxMDI0JTIxMmk3NjglMjE0ZjEzLjElMjEzbTMlMjExbTIlMjExczB4NDY5NGIxZGI1OTVhZWYzZCUyNTNBMHhjN2Q2MDBiY2FiNjE1ODQwJTIxMnNLJTI1QzMlMjVCNnN0cmklMkJhbGxlZSUyQjMlMjUyQyUyQlBhbGFtdXNlJTI1MkMlMkI0OTIyNiUyQkolMjVDMyUyNUI1Z2V2YSUyQm1hYWtvbmQlMjE1ZTAlMjEzbTIlMjExc2VuJTIxMnNlZSUyMTR2MTUzODA0NTg0NTQ5NyUyMiUyMHdpZHRoJTNEJTIyNjAwJTIyJTIwaGVpZ2h0JTNEJTIyNDUwJTIyJTIwZnJhbWVib3JkZXIlM0QlMjIwJTIyJTIwc3R5bGUlM0QlMjJib3JkZXIlM0EwJTIyJTIwYWxsb3dmdWxsc2NyZWVuJTNFJTNDJTJGaWZyYW1lJTNF&#8221;][\/vc_column][\/vc_row]<\/p>\n<\/div>","protected":false},"excerpt":{"rendered":"<p>[vc_row][vc_column width=&#8221;1\/2&#8243;][vc_column_text]Kontaktinform\u0101cija un rekviz\u012bti &nbsp; Palamuse O. Lutsu Kihelkonnakoolimuuseum K\u00f6stri allee 3, Palamuse, 49226 J\u00f5geva maakond &nbsp; Registry code: 70004137 VAT number: EE101755254 &nbsp; Account holder: Rahandusministeerium Account number: a\/a EE891010220034796011 SEB Pank Reference number: 2800047436\u00a0 \u00a0 \u00a0 \u00a0 \u00a0\u00a0 &nbsp; T\u0101lrunis:\u00a0 +372 7760 514 E-pasts:\u00a0 info@palamusemuuseum.ee &nbsp; &nbsp; Muzejs atrodas tikai 2.5 h stundu [&hellip;]<\/p>\n","protected":false},"author":1,"featured_media":0,"parent":0,"menu_order":0,"comment_status":"closed","ping_status":"closed","template":"","meta":{"_monsterinsights_skip_tracking":false,"_monsterinsights_sitenote_active":false,"_monsterinsights_sitenote_note":"","_monsterinsights_sitenote_category":0,"footnotes":""},"class_list":["post-18141","page","type-page","status-publish","hentry"],"_links":{"self":[{"href":"https:\/\/www.palamusemuuseum.ee\/lv\/wp-json\/wp\/v2\/pages\/18141","targetHints":{"allow":["GET"]}}],"collection":[{"href":"https:\/\/www.palamusemuuseum.ee\/lv\/wp-json\/wp\/v2\/pages"}],"about":[{"href":"https:\/\/www.palamusemuuseum.ee\/lv\/wp-json\/wp\/v2\/types\/page"}],"author":[{"embeddable":true,"href":"https:\/\/www.palamusemuuseum.ee\/lv\/wp-json\/wp\/v2\/users\/1"}],"replies":[{"embeddable":true,"href":"https:\/\/www.palamusemuuseum.ee\/lv\/wp-json\/wp\/v2\/comments?post=18141"}],"version-history":[{"count":7,"href":"https:\/\/www.palamusemuuseum.ee\/lv\/wp-json\/wp\/v2\/pages\/18141\/revisions"}],"predecessor-version":[{"id":18481,"href":"https:\/\/www.palamusemuuseum.ee\/lv\/wp-json\/wp\/v2\/pages\/18141\/revisions\/18481"}],"wp:attachment":[{"href":"https:\/\/www.palamusemuuseum.ee\/lv\/wp-json\/wp\/v2\/media?parent=18141"}],"curies":[{"name":"wp","href":"https:\/\/api.w.org\/{rel}","templated":true}]}}