{"id":18139,"date":"2018-09-11T13:59:17","date_gmt":"2018-09-11T10:59:17","guid":{"rendered":"https:\/\/palamusemuuseum.ee\/about-palamuse-museum\/"},"modified":"2018-12-06T12:19:55","modified_gmt":"2018-12-06T10:19:55","slug":"par-palamuses-muzeju","status":"publish","type":"page","link":"https:\/\/www.palamusemuuseum.ee\/lv\/par-palamuses-muzeju\/","title":{"rendered":"Par Palamuses muzeju"},"content":{"rendered":"<div class=\"wpb-content-wrapper\"><p>[vc_row full_width=&#8221;stretch_row&#8221; content_placement=&#8221;top&#8221; bg_type=&#8221;bg_color&#8221; css=&#8221;.vc_custom_1538138966999{padding-top: 20px !important;padding-bottom: 100px !important;background-color: #353535 !important;}&#8221; bg_color_value=&#8221;#02a145&#8243;][vc_column][vc_custom_heading text=&#8221;PAR MUZEJU&#8221; font_container=&#8221;tag:h1|text_align:center|color:%23ffffff&#8221; google_fonts=&#8221;font_family:Libre%20Baskerville%3Aregular%2Citalic%2C700|font_style:700%20bold%20regular%3A700%3Anormal&#8221; css=&#8221;.vc_custom_1543584599975{margin-top: 10px !important;margin-bottom: 55px !important;}&#8221;][\/vc_column][vc_column width=&#8221;1\/3&#8243; el_id=&#8221;uus-kulastuskeskus&#8221;][vc_custom_heading text=&#8221;Galven\u0101 \u0113ka&#8221; font_container=&#8221;tag:h4|font_size:25|text_align:center|color:%23ffffff&#8221; google_fonts=&#8221;font_family:Raleway%3A100%2C200%2C300%2Cregular%2C500%2C600%2C700%2C800%2C900|font_style:700%20bold%20regular%3A700%3Anormal&#8221;][vc_column_text]<\/p>\n<p><span style=\"color: #ffffff;\">Detaliz\u0113ts\u00a0 19. gadsimta\u00a0 igau\u0146u zemnieku b\u0113rnu skolas dz\u012bves p\u0101rskats\u00a0rodams gr\u0101mat\u0101 \u201cKevade\u201d, kas izst\u0101d\u012bta galven\u0101s \u0113kas Lielaj\u0101 izst\u0101\u017eu z\u0101l\u0113.<\/span><\/p>\n<p>&nbsp;<\/p>\n<p><span style=\"color: #ffffff;\">Palamus\u0113 dzimu\u0161ais rakstnieks Oskars Lutss rad\u012bjis \u0161o st\u0101stu, pamatojoties uz sav\u0101m skolas gadu atmi\u0146\u0101m. \u0160is ir rakstnieka vispopul\u0101r\u0101kais darbs, kas pirmo reizi tika public\u0113ts 1912. gad\u0101.\u00a0Liel\u0101k\u0101 da\u013ca igau\u0146u \u0161o noveli ir izlas\u012bju\u0161i jau skolas laik\u0101.<\/span><\/p>\n<p>&nbsp;<\/p>\n<p><span style=\"color: #ffffff;\">Muzeja Kino z\u0101l\u0113 varat noskat\u012bties rakstnieka Oskara Lutss un vi\u0146a v\u0113sturisk\u0101 darba ekraniz\u0101ciju\u00a0film\u0101 &#8220;Kevada&#8221; kas uz\u0146emta Palamus\u0113. Kino kriti\u0137i un skat\u012bt\u0101ji\u00a0 ir atzinu\u0161i \u0161o darbu par lab\u0101ko 20.gadsimta Igaunijas kino filmu.<\/span><\/p>\n<p>&nbsp;<\/p>\n<p><span style=\"color: #ffffff;\"><strong>Ieskats \u00a0Palamuses izgl\u012bt\u012bbas dz\u012bv\u0113 un sadraudz\u012bbas v\u0113sture.<\/strong><\/span><\/p>\n<p>&nbsp;<\/p>\n<p><span style=\"color: #ffffff;\">Ar Igaunijas Luter\u0101\u0146u bazn\u012bcas skolas, m\u0101c\u012bbu procesa un ikdienas dz\u012bves gait\u0101m varat iepaz\u012bties galvenaj\u0101 muzeja ekspoz\u012bciju izst\u0101\u017eu z\u0101l\u0113.\u00a0Darbs \u201cKevade\u201d 1965. gad\u0101 tika public\u0113ts ar\u012b latvie\u0161u valod\u0101. Savuk\u0101rt igau\u0146u re\u017eisors Mikk\u00a0Mik\u012bvs 1980. gad\u0101 R\u012bgas Jaunatnes te\u0101tr\u012b iestud\u0113ja izr\u0101di \u201cKevade\u201d, kas izr\u0101d\u012bja \u013coti lielu skat\u012bt\u0101ju interesi un tika izr\u0101d\u012bta vair\u0101k nek\u0101 350 reizes. \u201cKevade\u201d pat Igaunijas te\u0101tros nav tikusi r\u0101d\u012bta tik daudz rei\u017eu!<\/span><\/p>\n<p>&nbsp;<\/p>\n<h4><span style=\"color: #ff6900;\"><a style=\"color: #ff6900;\" href=\"https:\/\/palamusemuuseum.ee\/lv\/apmekletajiem\/\" target=\"_blank\" rel=\"noopener\"><strong>Ar muzeja darba laikiem varat iepaz\u012bties \u0161eit.<\/strong><\/a><\/span><\/h4>\n<p>[\/vc_column_text][\/vc_column][vc_column width=&#8221;1\/3&#8243; el_id=&#8221;vana-koolimaja&#8221;][vc_custom_heading text=&#8221;Skolas \u0113ka&#8221; font_container=&#8221;tag:h4|font_size:25|text_align:center|color:%23ffffff&#8221; google_fonts=&#8221;font_family:Raleway%3A100%2C200%2C300%2Cregular%2C500%2C600%2C700%2C800%2C900|font_style:700%20bold%20regular%3A700%3Anormal&#8221;][vc_column_text]<\/p>\n<p><span style=\"color: #ffffff;\">Laipni l\u016bgti 19. gadsimt\u0101! Vecaj\u0101 skolas \u0113k\u0101 varat ies\u0113sties vecajos skolas solos,\u00a0parakst\u012bt ar \u0161\u012bfera z\u012bmuli, tintes pildspalvu un iejusties t\u0101 laika skolnieku \u0101d\u0101. Savulaik\u00a0skolot\u0101ji no att\u0101l\u0101kajiem ciemiem pat\u00a0nak\u0161\u0146oja\u00a0\u0161aj\u0101 v\u0113sturiski autentiskaj\u0101 skolas nam\u0101. <\/span><\/p>\n<p>&nbsp;<\/p>\n<p><span style=\"color: #ffffff;\">\u0160eit J\u016bs iepaz\u012bsieties ar draudzes p\u0101rvaldnieka ikdienas dz\u012bvi: j\u016bs var\u0113siet uzzin\u0101t par vi\u0146a ikdienas pien\u0101kumiem, ieskat\u012bties vi\u0146a sievas ikdienas ritm\u0101 &#8211; \u00a0virtuv\u0113, utt. pat ieskat\u012bties vi\u0146u gu\u013camistab\u0101.<\/span><\/p>\n<p>&nbsp;<\/p>\n<h4><span style=\"color: #ff6900;\"><a style=\"color: #ff6900;\" href=\"https:\/\/palamusemuuseum.ee\/lv\/apmekletajiem\/#biletes\" target=\"_blank\" rel=\"noopener\">Ar izst\u0101d\u0113m ab\u0101s muzeja \u0113k\u0101s, J\u016bs varat iepaz\u012bties izmantojot\u00a0audio ce\u013cvedi latvie\u0161u valod\u0101!<\/a><\/span><\/h4>\n<p>[\/vc_column_text][\/vc_column][vc_column width=&#8221;1\/3&#8243; el_id=&#8221;naituste-ruum&#8221;][vc_custom_heading text=&#8221;Izst\u0101\u017eu z\u0101le&#8221; font_container=&#8221;tag:h4|font_size:25|text_align:center|color:%23ffffff&#8221; google_fonts=&#8221;font_family:Raleway%3A100%2C200%2C300%2Cregular%2C500%2C600%2C700%2C800%2C900|font_style:700%20bold%20regular%3A700%3Anormal&#8221;][vc_column_text]<\/p>\n<p>&nbsp;<\/p>\n<p><span style=\"color: #ffffff;\">Izmantojiet iesp\u0113ju izmantot \u00a0m\u016bsu telpas saviem pas\u0101kumiem &#8211; \u00a0konferenc\u0113m, koncertiem, \u0161oviem un sv\u0113tku pas\u0101kumiem.<\/span><\/p>\n<p><span style=\"color: #ffffff;\">Pas\u0101kumus var organiz\u0113t izst\u0101\u017eu z\u0101l\u0113, kas atrodas skolas \u0113kas otraj\u0101 st\u0101v\u0101.<\/span><\/p>\n<p>&nbsp;<\/p>\n<p>&nbsp;<\/p>\n<p><span style=\"color: #ffffff;\">Izst\u0101\u017eu z\u0101l\u0113 j\u016bs varat izbaud\u012bt izst\u0101di &#8220;Palamuseans 100&#8221;, kas velt\u012bta Igaunijas Republikas 100.gadu jubilejai.<\/span><\/p>\n<p>&nbsp;<\/p>\n<p><a href=\"https:\/\/palamusemuuseum.ee\/lv\/pasakumu-organizesana\/\" target=\"_blank\" rel=\"noopener\"><strong><span style=\"color: #ff6900;\">Ar telpu aprakstiem varat iepaz\u012bties \u0161eit!<\/span><\/strong><\/a>[\/vc_column_text][\/vc_column][\/vc_row][vc_row content_placement=&#8221;middle&#8221; disable_element=&#8221;yes&#8221; el_id=&#8221;muzeja-suven\u012bri&#8221;][vc_column el_align=&#8221;center&#8221;][vc_custom_heading text=&#8221;MUSEUM SOUVENIRS&#8221; font_container=&#8221;tag:h1|text_align:center|color:%234c4c4c&#8221; google_fonts=&#8221;font_family:Libre%20Baskerville%3Aregular%2Citalic%2C700|font_style:700%20bold%20regular%3A700%3Anormal&#8221; css=&#8221;.vc_custom_1541628770495{margin-top: 85px !important;margin-bottom: 55px !important;}&#8221;]<div class=\"woocommerce columns-4 \"><\/div>[\/vc_column][\/vc_row][vc_row disable_element=&#8221;yes&#8221; css=&#8221;.vc_custom_1540220805422{margin-top: 100px !important;}&#8221;][vc_column]<div class='dt-sc-warning-box'>No Posts Found<\/div>[\/vc_column][\/vc_row]<\/p>\n<\/div>","protected":false},"excerpt":{"rendered":"<p>[vc_row full_width=&#8221;stretch_row&#8221; content_placement=&#8221;top&#8221; bg_type=&#8221;bg_color&#8221; css=&#8221;.vc_custom_1538138966999{padding-top: 20px !important;padding-bottom: 100px !important;background-color: #353535 !important;}&#8221; bg_color_value=&#8221;#02a145&#8243;][vc_column][vc_custom_heading text=&#8221;PAR MUZEJU&#8221; font_container=&#8221;tag:h1|text_align:center|color:%23ffffff&#8221; google_fonts=&#8221;font_family:Libre%20Baskerville%3Aregular%2Citalic%2C700|font_style:700%20bold%20regular%3A700%3Anormal&#8221; css=&#8221;.vc_custom_1543584599975{margin-top: 10px !important;margin-bottom: 55px !important;}&#8221;][\/vc_column][vc_column width=&#8221;1\/3&#8243; el_id=&#8221;uus-kulastuskeskus&#8221;][vc_custom_heading text=&#8221;Galven\u0101 \u0113ka&#8221; font_container=&#8221;tag:h4|font_size:25|text_align:center|color:%23ffffff&#8221; google_fonts=&#8221;font_family:Raleway%3A100%2C200%2C300%2Cregular%2C500%2C600%2C700%2C800%2C900|font_style:700%20bold%20regular%3A700%3Anormal&#8221;][vc_column_text] Detaliz\u0113ts\u00a0 19. gadsimta\u00a0 igau\u0146u zemnieku b\u0113rnu skolas dz\u012bves p\u0101rskats\u00a0rodams gr\u0101mat\u0101 \u201cKevade\u201d, kas izst\u0101d\u012bta galven\u0101s \u0113kas Lielaj\u0101 izst\u0101\u017eu z\u0101l\u0113. &nbsp; Palamus\u0113 dzimu\u0161ais rakstnieks Oskars Lutss rad\u012bjis \u0161o st\u0101stu, pamatojoties [&hellip;]<\/p>\n","protected":false},"author":1,"featured_media":0,"parent":0,"menu_order":0,"comment_status":"closed","ping_status":"closed","template":"","meta":{"_monsterinsights_skip_tracking":false,"_monsterinsights_sitenote_active":false,"_monsterinsights_sitenote_note":"","_monsterinsights_sitenote_category":0,"footnotes":""},"class_list":["post-18139","page","type-page","status-publish","hentry"],"_links":{"self":[{"href":"https:\/\/www.palamusemuuseum.ee\/lv\/wp-json\/wp\/v2\/pages\/18139","targetHints":{"allow":["GET"]}}],"collection":[{"href":"https:\/\/www.palamusemuuseum.ee\/lv\/wp-json\/wp\/v2\/pages"}],"about":[{"href":"https:\/\/www.palamusemuuseum.ee\/lv\/wp-json\/wp\/v2\/types\/page"}],"author":[{"embeddable":true,"href":"https:\/\/www.palamusemuuseum.ee\/lv\/wp-json\/wp\/v2\/users\/1"}],"replies":[{"embeddable":true,"href":"https:\/\/www.palamusemuuseum.ee\/lv\/wp-json\/wp\/v2\/comments?post=18139"}],"version-history":[{"count":21,"href":"https:\/\/www.palamusemuuseum.ee\/lv\/wp-json\/wp\/v2\/pages\/18139\/revisions"}],"predecessor-version":[{"id":18554,"href":"https:\/\/www.palamusemuuseum.ee\/lv\/wp-json\/wp\/v2\/pages\/18139\/revisions\/18554"}],"wp:attachment":[{"href":"https:\/\/www.palamusemuuseum.ee\/lv\/wp-json\/wp\/v2\/media?parent=18139"}],"curies":[{"name":"wp","href":"https:\/\/api.w.org\/{rel}","templated":true}]}}