{"id":21003,"date":"2021-01-26T16:46:27","date_gmt":"2021-01-26T14:46:27","guid":{"rendered":"https:\/\/www.palamusemuuseum.ee\/?page_id=21003"},"modified":"2026-03-31T14:53:36","modified_gmt":"2026-03-31T11:53:36","slug":"pealeht","status":"publish","type":"page","link":"https:\/\/www.palamusemuuseum.ee\/fi\/","title":{"rendered":"Pealeht"},"content":{"rendered":"<div class=\"wpb-content-wrapper\"><p>[vc_row full_width=&#8221;stretch_row_content&#8221; enable_overlay=&#8221;enable_overlay_value&#8221; overlay_color=&#8221;rgba(0,0,0,0.7)&#8221; css=&#8221;.vc_custom_1537880732986{background-color: #02aa5a !important;background-position: center !important;background-repeat: no-repeat !important;background-size: cover !important;}&#8221;][vc_column][vc_column_text]<\/p>\n<p style=\"text-align: center;\">COVID-19-turvallisuusmerkinn\u00e4ll\u00e4, jonka <i>J\u00f5gevamaa Arendus- ja Ettev\u00f5tluskeskus<\/i> on meille my\u00f6nt\u00e4nyt, vahvistamme, ett\u00e4 noudatamme Viron hallituksen ja terveysviraston (https:\/\/kriis.ee\/en) alallemme asetettamia vaatimuksia ja ohjeita sek\u00e4 pysymme ajan tasalla tilanteesta ja autamme vierailijoitamme noudattamaan s\u00e4\u00e4nt\u00f6j\u00e4 viruksen ehk\u00e4isemiseksi paikan p\u00e4\u00e4ll\u00e4.<\/p>\n<p>[\/vc_column_text][vc_custom_heading text=&#8221;MIELENKIINTOISET VUOSILUVUT&#8221; font_container=&#8221;tag:h1|text_align:center|color:%23ffffff&#8221; google_fonts=&#8221;font_family:Libre%20Baskerville%3Aregular%2Citalic%2C700|font_style:700%20bold%20regular%3A700%3Anormal&#8221; css=&#8221;.vc_custom_1541409738581{margin-bottom: 35px !important;padding-top: 35px !important;}&#8221;][\/vc_column][\/vc_row][vc_row full_width=&#8221;stretch_row&#8221; enable_overlay=&#8221;enable_overlay_value&#8221; overlay_color=&#8221;rgba(0,0,0,0.7)&#8221; css=&#8221;.vc_custom_1537963484818{padding-top: 45px !important;padding-bottom: 100px !important;background-color: #02aa5a !important;background-position: center !important;background-repeat: no-repeat !important;background-size: cover !important;}&#8221;][vc_column width=&#8221;1\/3&#8243;]<div class=\"stats-block stats-top  \"><div class=\"aio-icon-top\"><div class=\"ult-just-icon-wrapper  \"><div class=\"align-icon\" style=\"text-align:center;\"><\/div><\/div><\/div><div class=\"stats-desc\" id=\"counter-responsv-wrap-4898\"><div id=\"counter_201995854069e1fc014a0d4\" data-id=\"counter_201995854069e1fc014a0d4\"  data-ultimate-target='#counter-responsv-wrap-4898 .stats-number'  data-responsive-json-new='{\"font-size\":\"desktop:80px;\",\"line-height\":\"\"}'  class=\"stats-number ult-responsive\" style=\" color:#ffffff; font-family:&#039;Lato&#039;;font-weight:700;color:#ffffff;\" data-speed=\"3\" data-counter-value=\"1887\" data-separator=\"none\" data-decimal=\"none\">0<\/div><div id=\"counter_201995854069e1fc014a0d4\"  data-ultimate-target='#counter-responsv-wrap-4898 .stats-text'  data-responsive-json-new='{\"font-size\":\"\",\"line-height\":\"\"}'  class=\"stats-text ult-responsive\" style=\"font-size:18px; color:#ffffff; \">syntyi Palamusen kyl\u00e4ss\u00e4 poikalapsi nimelt\u00e4\u00e4n Oskar<\/div><\/div><\/div>[\/vc_column][vc_column width=&#8221;1\/3&#8243;]<div class=\"stats-block stats-top  \"><div class=\"aio-icon-top\"><div class=\"ult-just-icon-wrapper  \"><div class=\"align-icon\" style=\"text-align:center;\"><\/div><\/div><\/div><div class=\"stats-desc\" id=\"counter-responsv-wrap-6192\"><div id=\"counter_170671692169e1fc014a138\" data-id=\"counter_170671692169e1fc014a138\"  data-ultimate-target='#counter-responsv-wrap-6192 .stats-number'  data-responsive-json-new='{\"font-size\":\"desktop:70px;\",\"line-height\":\"\"}'  class=\"stats-number ult-responsive\" style=\" color:#ffffff; font-family:&#039;Lato&#039;;font-weight:700;color:#ffffff;\" data-speed=\"3\" data-counter-value=\"1912\" data-separator=\"none\" data-decimal=\"none\">0<\/div><div id=\"counter_170671692169e1fc014a138\"  data-ultimate-target='#counter-responsv-wrap-6192 .stats-text'  data-responsive-json-new='{\"font-size\":\"\",\"line-height\":\"\"}'  class=\"stats-text ult-responsive\" style=\"font-size:18px; color:#ffffff; \">julkaistiin vain 25-vuotiaan Oskar Lutsin kirjoittama teos ``Kevade``<\/div><\/div><\/div>[\/vc_column][vc_column width=&#8221;1\/3&#8243;]<div class=\"stats-block stats-top  \"><div class=\"aio-icon-top\"><div class=\"ult-just-icon-wrapper  \"><div class=\"align-icon\" style=\"text-align:center;\"><\/div><\/div><\/div><div class=\"stats-desc\" id=\"counter-responsv-wrap-4861\"><div id=\"counter_357326551169e1fc014a186\" data-id=\"counter_357326551169e1fc014a186\"  data-ultimate-target='#counter-responsv-wrap-4861 .stats-number'  data-responsive-json-new='{\"font-size\":\"desktop:80px;\",\"line-height\":\"\"}'  class=\"stats-number ult-responsive\" style=\" color:#ffffff; font-family:&#039;Lato&#039;;font-weight:700;color:#ffffff;\" data-speed=\"3\" data-counter-value=\"1987\" data-separator=\"none\" data-decimal=\"none\">0<\/div><div id=\"counter_357326551169e1fc014a186\"  data-ultimate-target='#counter-responsv-wrap-4861 .stats-text'  data-responsive-json-new='{\"font-size\":\"\",\"line-height\":\"\"}'  class=\"stats-text ult-responsive\" style=\"font-size:18px; color:#ffffff; \">avattiin Oskar Lutsin 100. vuosip\u00e4iv\u00e4n kunniaksi vanhassa koulurakennuksessa museo<\/div><\/div><\/div>[\/vc_column][\/vc_row][vc_row el_id=&#8221;galerii&#8221; css=&#8221;.vc_custom_1546518614480{margin-top: 75px !important;}&#8221;][vc_column][vc_custom_heading text=&#8221;GALLERIA&#8221; font_container=&#8221;tag:h1|text_align:center|color:%234c4c4c&#8221; google_fonts=&#8221;font_family:Libre%20Baskerville%3Aregular%2Citalic%2C700|font_style:700%20bold%20regular%3A700%3Anormal&#8221; css=&#8221;.vc_custom_1541410083776{margin-top: 25px !important;margin-bottom: 55px !important;}&#8221;][vc_gallery type=&#8221;image_grid&#8221; images=&#8221;20021,21908,19338,19337,19336,19335,20035,19192&#8243; img_size=&#8221;270&#215;270&#8243; css_animation=&#8221;top-to-bottom&#8221;][\/vc_column][\/vc_row][vc_row css=&#8221;.vc_custom_1544797535731{margin-top: 50px !important;}&#8221;][vc_column width=&#8221;1\/2&#8243;][vc_video link=&#8221;https:\/\/youtu.be\/QbLHDKMjOKc&#8221; el_width=&#8221;80&#8243;][\/vc_column][vc_column width=&#8221;1\/2&#8243;][vc_video link=&#8221;https:\/\/youtu.be\/icfofIb1vGg&#8221; el_width=&#8221;80&#8243;][\/vc_column][\/vc_row]<\/p>\n<\/div>","protected":false},"excerpt":{"rendered":"<p>[vc_row full_width=&#8221;stretch_row_content&#8221; enable_overlay=&#8221;enable_overlay_value&#8221; overlay_color=&#8221;rgba(0,0,0,0.7)&#8221; css=&#8221;.vc_custom_1537880732986{background-color: #02aa5a !important;background-position: center !important;background-repeat: no-repeat !important;background-size: cover !important;}&#8221;][vc_column][vc_column_text] COVID-19-turvallisuusmerkinn\u00e4ll\u00e4, jonka J\u00f5gevamaa Arendus- ja Ettev\u00f5tluskeskus on meille my\u00f6nt\u00e4nyt, vahvistamme, ett\u00e4 noudatamme Viron hallituksen ja terveysviraston (https:\/\/kriis.ee\/en) alallemme asetettamia vaatimuksia ja ohjeita sek\u00e4 pysymme ajan tasalla tilanteesta ja autamme vierailijoitamme noudattamaan s\u00e4\u00e4nt\u00f6j\u00e4 viruksen ehk\u00e4isemiseksi paikan p\u00e4\u00e4ll\u00e4. [\/vc_column_text][vc_custom_heading text=&#8221;MIELENKIINTOISET VUOSILUVUT&#8221; font_container=&#8221;tag:h1|text_align:center|color:%23ffffff&#8221; google_fonts=&#8221;font_family:Libre%20Baskerville%3Aregular%2Citalic%2C700|font_style:700%20bold%20regular%3A700%3Anormal&#8221; css=&#8221;.vc_custom_1541409738581{margin-bottom: [&hellip;]<\/p>\n","protected":false},"author":9,"featured_media":0,"parent":0,"menu_order":0,"comment_status":"closed","ping_status":"closed","template":"","meta":{"_monsterinsights_skip_tracking":false,"_monsterinsights_sitenote_active":false,"_monsterinsights_sitenote_note":"","_monsterinsights_sitenote_category":0,"footnotes":""},"class_list":["post-21003","page","type-page","status-publish","hentry"],"_links":{"self":[{"href":"https:\/\/www.palamusemuuseum.ee\/fi\/wp-json\/wp\/v2\/pages\/21003","targetHints":{"allow":["GET"]}}],"collection":[{"href":"https:\/\/www.palamusemuuseum.ee\/fi\/wp-json\/wp\/v2\/pages"}],"about":[{"href":"https:\/\/www.palamusemuuseum.ee\/fi\/wp-json\/wp\/v2\/types\/page"}],"author":[{"embeddable":true,"href":"https:\/\/www.palamusemuuseum.ee\/fi\/wp-json\/wp\/v2\/users\/9"}],"replies":[{"embeddable":true,"href":"https:\/\/www.palamusemuuseum.ee\/fi\/wp-json\/wp\/v2\/comments?post=21003"}],"version-history":[{"count":8,"href":"https:\/\/www.palamusemuuseum.ee\/fi\/wp-json\/wp\/v2\/pages\/21003\/revisions"}],"predecessor-version":[{"id":24534,"href":"https:\/\/www.palamusemuuseum.ee\/fi\/wp-json\/wp\/v2\/pages\/21003\/revisions\/24534"}],"wp:attachment":[{"href":"https:\/\/www.palamusemuuseum.ee\/fi\/wp-json\/wp\/v2\/media?parent=21003"}],"curies":[{"name":"wp","href":"https:\/\/api.w.org\/{rel}","templated":true}]}}