{"id":18176,"date":"2018-09-05T12:15:40","date_gmt":"2018-09-05T09:15:40","guid":{"rendered":"https:\/\/palamusemuuseum.ee\/kontakt\/"},"modified":"2018-11-06T15:35:06","modified_gmt":"2018-11-06T13:35:06","slug":"yhteystiedot","status":"publish","type":"page","link":"https:\/\/www.palamusemuuseum.ee\/fi\/yhteystiedot\/","title":{"rendered":"Yhteystiedot"},"content":{"rendered":"<div class=\"wpb-content-wrapper\"><p>[vc_row][vc_column width=&#8221;1\/2&#8243;][vc_column_text]<b>Palamuse O. Lutsu Kihelkonnakoolimuuseum<\/b><\/p>\n<p><span style=\"font-weight: 400;\">K\u00f6stri allee 3, Palamuse, <\/span><span style=\"font-weight: 400;\">49226 J\u00f5geva maakunta, Viro<\/span><\/p>\n<p>&nbsp;<\/p>\n<p><b>Y-tunnus: <\/b><span style=\"font-weight: 400;\">70004137<\/span><\/p>\n<p><b>KMKR nro: <\/b><span style=\"font-weight: 400;\">EE101755254<\/span><\/p>\n<p>&nbsp;<\/p>\n<p><span style=\"font-weight: 400;\"><strong>Tilin omistaja:<\/strong> Rahandusministeerium <\/span><\/p>\n<p><span style=\"font-weight: 400;\">a\/a EE891010220034796011 SEB Pank<\/span><\/p>\n<p><span style=\"font-weight: 400;\">V<\/span><span style=\"font-weight: 400;\">iitenumero 2800047436<\/span><em>\u00a0 \u00a0 \u00a0 \u00a0 \u00a0\u00a0<\/em><\/p>\n<p>&nbsp;<\/p>\n<p><b>Puhelin:<\/b><span style=\"font-weight: 400;\">\u00a0+372 7760 514<\/span><\/p>\n<p><b>S\u00e4hk\u00f6posti:<\/b> <a href=\"mailto:info@palamusemuuseum.ee\"><span style=\"font-weight: 400;\">info@palamusemuuseum.ee<\/span><\/a><\/p>\n<p>&nbsp;<\/p>\n<p>&nbsp;<\/p>\n<p><span style=\"font-weight: 400;\">Museo sijaitsee Tallinnasta 2,5 tunnin ja Tartosta 45 minuutin ajomatkan p\u00e4\u00e4ss\u00e4.<\/span><\/p>\n<p>&nbsp;<\/p>\n<p>[\/vc_column_text][\/vc_column][vc_column width=&#8221;1\/2&#8243;][vc_gmaps link=&#8221;#E-8_JTBBJTNDaWZyYW1lJTIwc3JjJTNEJTIyaHR0cHMlM0ElMkYlMkZ3d3cuZ29vZ2xlLmNvbSUyRm1hcHMlMkZlbWJlZCUzRnBiJTNEJTIxMW0xOCUyMTFtMTIlMjExbTMlMjExZDIyMzUuNTQ1MjExNjA4MDA4NyUyMTJkMjYuNTgxMTA1NzA4MjQ0NjYlMjEzZDU4LjY4MjU3MDY2MTYzMTkzJTIxMm0zJTIxMWYwJTIxMmYwJTIxM2YwJTIxM20yJTIxMWkxMDI0JTIxMmk3NjglMjE0ZjEzLjElMjEzbTMlMjExbTIlMjExczB4NDY5NGIxZGI1OTVhZWYzZCUyNTNBMHhjN2Q2MDBiY2FiNjE1ODQwJTIxMnNLJTI1QzMlMjVCNnN0cmklMkJhbGxlZSUyQjMlMjUyQyUyQlBhbGFtdXNlJTI1MkMlMkI0OTIyNiUyQkolMjVDMyUyNUI1Z2V2YSUyQm1hYWtvbmQlMjE1ZTAlMjEzbTIlMjExc2VuJTIxMnNlZSUyMTR2MTUzODA0NTg0NTQ5NyUyMiUyMHdpZHRoJTNEJTIyNjAwJTIyJTIwaGVpZ2h0JTNEJTIyNDUwJTIyJTIwZnJhbWVib3JkZXIlM0QlMjIwJTIyJTIwc3R5bGUlM0QlMjJib3JkZXIlM0EwJTIyJTIwYWxsb3dmdWxsc2NyZWVuJTNFJTNDJTJGaWZyYW1lJTNF&#8221;][\/vc_column][\/vc_row]<\/p>\n<\/div>","protected":false},"excerpt":{"rendered":"<p>[vc_row][vc_column width=&#8221;1\/2&#8243;][vc_column_text]Palamuse O. Lutsu Kihelkonnakoolimuuseum K\u00f6stri allee 3, Palamuse, 49226 J\u00f5geva maakunta, Viro &nbsp; Y-tunnus: 70004137 KMKR nro: EE101755254 &nbsp; Tilin omistaja: Rahandusministeerium a\/a EE891010220034796011 SEB Pank Viitenumero 2800047436\u00a0 \u00a0 \u00a0 \u00a0 \u00a0\u00a0 &nbsp; Puhelin:\u00a0+372 7760 514 S\u00e4hk\u00f6posti: info@palamusemuuseum.ee &nbsp; &nbsp; Museo sijaitsee Tallinnasta 2,5 tunnin ja Tartosta 45 minuutin ajomatkan p\u00e4\u00e4ss\u00e4. &nbsp; [\/vc_column_text][\/vc_column][vc_column width=&#8221;1\/2&#8243;][vc_gmaps [&hellip;]<\/p>\n","protected":false},"author":1,"featured_media":0,"parent":0,"menu_order":0,"comment_status":"closed","ping_status":"closed","template":"","meta":{"_monsterinsights_skip_tracking":false,"_monsterinsights_sitenote_active":false,"_monsterinsights_sitenote_note":"","_monsterinsights_sitenote_category":0,"footnotes":""},"class_list":["post-18176","page","type-page","status-publish","hentry"],"_links":{"self":[{"href":"https:\/\/www.palamusemuuseum.ee\/fi\/wp-json\/wp\/v2\/pages\/18176","targetHints":{"allow":["GET"]}}],"collection":[{"href":"https:\/\/www.palamusemuuseum.ee\/fi\/wp-json\/wp\/v2\/pages"}],"about":[{"href":"https:\/\/www.palamusemuuseum.ee\/fi\/wp-json\/wp\/v2\/types\/page"}],"author":[{"embeddable":true,"href":"https:\/\/www.palamusemuuseum.ee\/fi\/wp-json\/wp\/v2\/users\/1"}],"replies":[{"embeddable":true,"href":"https:\/\/www.palamusemuuseum.ee\/fi\/wp-json\/wp\/v2\/comments?post=18176"}],"version-history":[{"count":1,"href":"https:\/\/www.palamusemuuseum.ee\/fi\/wp-json\/wp\/v2\/pages\/18176\/revisions"}],"predecessor-version":[{"id":18177,"href":"https:\/\/www.palamusemuuseum.ee\/fi\/wp-json\/wp\/v2\/pages\/18176\/revisions\/18177"}],"wp:attachment":[{"href":"https:\/\/www.palamusemuuseum.ee\/fi\/wp-json\/wp\/v2\/media?parent=18176"}],"curies":[{"name":"wp","href":"https:\/\/api.w.org\/{rel}","templated":true}]}}