{"id":17958,"date":"2018-11-01T16:53:09","date_gmt":"2018-11-01T14:53:09","guid":{"rendered":"https:\/\/palamusemuuseum.ee\/?page_id=17958"},"modified":"2019-01-04T11:20:49","modified_gmt":"2019-01-04T09:20:49","slug":"palamuse-museosta","status":"publish","type":"page","link":"https:\/\/www.palamusemuuseum.ee\/fi\/palamuse-museosta\/","title":{"rendered":"Palamuse museosta"},"content":{"rendered":"<div class=\"wpb-content-wrapper\"><p>[vc_row full_width=&#8221;stretch_row&#8221; content_placement=&#8221;top&#8221; bg_type=&#8221;bg_color&#8221; css=&#8221;.vc_custom_1538138966999{padding-top: 20px !important;padding-bottom: 100px !important;background-color: #353535 !important;}&#8221; bg_color_value=&#8221;#02a145&#8243;][vc_column][vc_custom_heading text=&#8221;MUSEON ESITTELY&#8221; font_container=&#8221;tag:h1|text_align:center|color:%23ffffff&#8221; google_fonts=&#8221;font_family:Libre%20Baskerville%3Aregular%2Citalic%2C700|font_style:700%20bold%20regular%3A700%3Anormal&#8221; css=&#8221;.vc_custom_1541083875386{margin-top: 10px !important;margin-bottom: 55px !important;}&#8221;][\/vc_column][vc_column width=&#8221;1\/3&#8243; el_id=&#8221;uus-kulastuskeskus&#8221;][vc_custom_heading text=&#8221;P\u00e4\u00e4rakennus&#8221; font_container=&#8221;tag:h4|font_size:25|text_align:center|color:%23ffffff&#8221; google_fonts=&#8221;font_family:Raleway%3A100%2C200%2C300%2Cregular%2C500%2C600%2C700%2C800%2C900|font_style:700%20bold%20regular%3A700%3Anormal&#8221;][vc_column_text]&nbsp;<\/p>\n<p><span style=\"color: #ffffff;\">P\u00e4\u00e4rakennuksen suuressa n\u00e4yttelysalissa saatte \u201dKevade\u201d kirjan tarinoiden avulla yleiskuvan vuoden 1895 virolaisen talonpojan kouluel\u00e4m\u00e4st\u00e4. Palamusella syntyneen Oskar Lutsun kouluajan muistoihin pohjautuva kertomus on kirjailijan tunnetuin teos ja julkaistiin ensimm\u00e4isen kerran vuonna 1912 ja ollut melkein jokaisen virolaisen koululaisen lukulistalla.<\/span><\/p>\n<p>&nbsp;<\/p>\n<p><span style=\"color: #ffffff;\">Elokuvasalissa n\u00e4ytet\u00e4\u00e4n historiallista kuvamateriaalia Oskar Lutsusta ja Kev\u00e4t-elokuvan teosta Palamusella. Kev\u00e4t on niin kriitikoiden kuin katsojien puolelta saanut Viron 1900-luvun parhaimman elokuvan tunnustuksen.<\/span><\/p>\n<p>&nbsp;<\/p>\n<p><span style=\"color: #ffffff;\">Opetus- ja kouluhistorian salissa saatte tutustua Palamusen opetusel\u00e4m\u00e4n huippuhetkiin ja Viron luterilaisten kihlakuntakoulujen historiaan.<\/span><\/p>\n<p>&nbsp;<\/p>\n<p><span style=\"color: #ffffff;\">Suomessa tutustuttiin Kev\u00e4\u00e4seen jo vuonna 1958, kun kirjaan perustuva ja samaa nime\u00e4 kantava teatterin\u00e4yt\u00f6s esitettiin Turun Linnateatterissa. Itse kirja k\u00e4\u00e4nnettiin vuonna 1973 nimell\u00e4 \u201dArno ja kumppanit\u201d.<\/span><\/p>\n<p>&nbsp;<\/p>\n<h4><span style=\"color: #ff6900;\"><strong><span style=\"color: #ffffff;\">Tutustu museon aukioloaikoihin <span style=\"color: #ff6900;\"><a style=\"color: #ff6900;\" href=\"https:\/\/palamusemuuseum.ee\/fi\/kavijalle\/\" target=\"_blank\" rel=\"noopener\">T\u00c4\u00c4LL\u00c4<\/a>.<\/span><\/span><\/strong><\/span><\/h4>\n<p>[\/vc_column_text][\/vc_column][vc_column width=&#8221;1\/3&#8243; el_id=&#8221;vana-koolimaja&#8221;][vc_custom_heading text=&#8221;Koulurakennus&#8221; font_container=&#8221;tag:h4|font_size:25|text_align:center|color:%23ffffff&#8221; google_fonts=&#8221;font_family:Raleway%3A100%2C200%2C300%2Cregular%2C500%2C600%2C700%2C800%2C900|font_style:700%20bold%20regular%3A700%3Anormal&#8221;][vc_column_text]&nbsp;<\/p>\n<p><span style=\"color: #ffffff;\">Tervetuloa 1800-luvulle! Koulurakennuksessa saatte istua vanhoilla koulupenkeill\u00e4, kirjoittaa liidulla, sulkakyn\u00e4ll\u00e4 ja musteella ja tuntea itsenne menneen ajan koululaisiksi. Aidon historiallisessa koulurakennuksessa y\u00f6pyiv\u00e4t my\u00f6s kauempana sijaitsevista kylist\u00e4 tulleet koulupojat. <\/span><\/p>\n<p>&nbsp;<\/p>\n<p><span style=\"color: #ffffff;\">T\u00e4\u00e4ll\u00e4 saatte my\u00f6s tutustua lukkarin perheen el\u00e4m\u00e4\u00e4n: t\u00e4m\u00e4n ty\u00f6teht\u00e4viin, vilkaista lukkarin em\u00e4nn\u00e4n kuningaskuntaan eli keitti\u00f6\u00f6n ja jopa kurkistaa heid\u00e4n makuuhuoneeseensa.<\/span><\/p>\n<p>&nbsp;<\/p>\n<h4><span style=\"color: #ffffff;\"><strong>Museon molempien rakennusten n\u00e4yttelyihin voi tutustua my\u00f6s suomenkielisen \u00e4\u00e4niopastuksen avulla!<\/strong><\/span><\/h4>\n<p>[\/vc_column_text][\/vc_column][vc_column width=&#8221;1\/3&#8243; el_id=&#8221;naituste-ruum&#8221;][vc_custom_heading text=&#8221;N\u00e4yttelysali&#8221; font_container=&#8221;tag:h4|font_size:25|text_align:center|color:%23ffffff&#8221; google_fonts=&#8221;font_family:Raleway%3A100%2C200%2C300%2Cregular%2C500%2C600%2C700%2C800%2C900|font_style:700%20bold%20regular%3A700%3Anormal&#8221;][vc_column_text]&nbsp;<\/p>\n<p><span style=\"color: #ffffff;\">Koulutalon toisella kerroksella sijaitsevassa n\u00e4yttelysalissa on my\u00f6s mahdollista j\u00e4rjest\u00e4\u00e4 erilaisten kepposten lis\u00e4ksi kaikkea konferensseista ja konserteista esiintymisiin ja merkkip\u00e4iv\u00e4juhliin.<\/span><\/p>\n<p>&nbsp;<\/p>\n<p><span style=\"color: #ffffff;\">N\u00e4yttelytilassa voitte my\u00f6s tutustua Viron satavuotisjuhlavuotta juhlistavaan n\u00e4yttelyyn \u201dSata palamuselaista\u201d.<\/span><\/p>\n<p>&nbsp;<\/p>\n<h4><strong><span style=\"color: #ffffff;\">Katso huoneiden tarkemmat kuvaukset<\/span> <a href=\"https:\/\/palamusemuuseum.ee\/fi\/jarjesta-tapahtuma\/\" target=\"_blank\" rel=\"noopener\"><span style=\"color: #ff6900;\">T\u00c4ST\u00c4.<\/span><\/a><\/strong><\/h4>\n<p>[\/vc_column_text][\/vc_column][\/vc_row][vc_row content_placement=&#8221;middle&#8221; disable_element=&#8221;yes&#8221; el_id=&#8221;museon-matkamuistot&#8221;][vc_column el_align=&#8221;center&#8221;][vc_custom_heading text=&#8221;MUSEON MATKAMUISTOT&#8221; font_container=&#8221;tag:h1|text_align:center|color:%234c4c4c&#8221; google_fonts=&#8221;font_family:Libre%20Baskerville%3Aregular%2Citalic%2C700|font_style:700%20bold%20regular%3A700%3Anormal&#8221; css=&#8221;.vc_custom_1541083939862{margin-top: 85px !important;margin-bottom: 55px !important;}&#8221;]<div class=\"woocommerce columns-4 \"><\/div>[\/vc_column][\/vc_row]<\/p>\n<\/div>","protected":false},"excerpt":{"rendered":"<p>[vc_row full_width=&#8221;stretch_row&#8221; content_placement=&#8221;top&#8221; bg_type=&#8221;bg_color&#8221; css=&#8221;.vc_custom_1538138966999{padding-top: 20px !important;padding-bottom: 100px !important;background-color: #353535 !important;}&#8221; bg_color_value=&#8221;#02a145&#8243;][vc_column][vc_custom_heading text=&#8221;MUSEON ESITTELY&#8221; font_container=&#8221;tag:h1|text_align:center|color:%23ffffff&#8221; google_fonts=&#8221;font_family:Libre%20Baskerville%3Aregular%2Citalic%2C700|font_style:700%20bold%20regular%3A700%3Anormal&#8221; css=&#8221;.vc_custom_1541083875386{margin-top: 10px !important;margin-bottom: 55px !important;}&#8221;][\/vc_column][vc_column width=&#8221;1\/3&#8243; el_id=&#8221;uus-kulastuskeskus&#8221;][vc_custom_heading text=&#8221;P\u00e4\u00e4rakennus&#8221; font_container=&#8221;tag:h4|font_size:25|text_align:center|color:%23ffffff&#8221; google_fonts=&#8221;font_family:Raleway%3A100%2C200%2C300%2Cregular%2C500%2C600%2C700%2C800%2C900|font_style:700%20bold%20regular%3A700%3Anormal&#8221;][vc_column_text]&nbsp; P\u00e4\u00e4rakennuksen suuressa n\u00e4yttelysalissa saatte \u201dKevade\u201d kirjan tarinoiden avulla yleiskuvan vuoden 1895 virolaisen talonpojan kouluel\u00e4m\u00e4st\u00e4. Palamusella syntyneen Oskar Lutsun kouluajan muistoihin pohjautuva kertomus on kirjailijan tunnetuin teos ja julkaistiin ensimm\u00e4isen [&hellip;]<\/p>\n","protected":false},"author":3,"featured_media":0,"parent":0,"menu_order":0,"comment_status":"closed","ping_status":"closed","template":"","meta":{"_monsterinsights_skip_tracking":false,"_monsterinsights_sitenote_active":false,"_monsterinsights_sitenote_note":"","_monsterinsights_sitenote_category":0,"footnotes":""},"class_list":["post-17958","page","type-page","status-publish","hentry"],"_links":{"self":[{"href":"https:\/\/www.palamusemuuseum.ee\/fi\/wp-json\/wp\/v2\/pages\/17958","targetHints":{"allow":["GET"]}}],"collection":[{"href":"https:\/\/www.palamusemuuseum.ee\/fi\/wp-json\/wp\/v2\/pages"}],"about":[{"href":"https:\/\/www.palamusemuuseum.ee\/fi\/wp-json\/wp\/v2\/types\/page"}],"author":[{"embeddable":true,"href":"https:\/\/www.palamusemuuseum.ee\/fi\/wp-json\/wp\/v2\/users\/3"}],"replies":[{"embeddable":true,"href":"https:\/\/www.palamusemuuseum.ee\/fi\/wp-json\/wp\/v2\/comments?post=17958"}],"version-history":[{"count":23,"href":"https:\/\/www.palamusemuuseum.ee\/fi\/wp-json\/wp\/v2\/pages\/17958\/revisions"}],"predecessor-version":[{"id":18826,"href":"https:\/\/www.palamusemuuseum.ee\/fi\/wp-json\/wp\/v2\/pages\/17958\/revisions\/18826"}],"wp:attachment":[{"href":"https:\/\/www.palamusemuuseum.ee\/fi\/wp-json\/wp\/v2\/media?parent=17958"}],"curies":[{"name":"wp","href":"https:\/\/api.w.org\/{rel}","templated":true}]}}