{"id":17935,"date":"2018-11-01T14:57:10","date_gmt":"2018-11-01T12:57:10","guid":{"rendered":"https:\/\/palamusemuuseum.ee\/?page_id=17935"},"modified":"2018-11-09T15:01:59","modified_gmt":"2018-11-09T13:01:59","slug":"jarjesta-tapahtuma","status":"publish","type":"page","link":"https:\/\/www.palamusemuuseum.ee\/fi\/jarjesta-tapahtuma\/","title":{"rendered":"J\u00e4rjest\u00e4 tapahtuma"},"content":{"rendered":"<div class=\"wpb-content-wrapper\"><p>[vc_row][vc_column][vc_custom_heading text=&#8221;VUOKRATTAVAT TILAT JA HINNASTO&#8221; font_container=&#8221;tag:h1|text_align:left|color:%234c4c4c&#8221; google_fonts=&#8221;font_family:Libre%20Baskerville%3Aregular%2Citalic%2C700|font_style:700%20bold%20regular%3A700%3Anormal&#8221; css=&#8221;.vc_custom_1539947454896{margin-bottom: 50px !important;}&#8221;][vc_custom_heading text=&#8221;Palamusen museossa on mahdollisuus j\u00e4rjest\u00e4\u00e4 erilaisia tapahtumia, konsertteja ja muita merkkip\u00e4ivi\u00e4.&#8221; font_container=&#8221;tag:h2|font_size:23|text_align:left|color:%2300ab4e&#8221; google_fonts=&#8221;font_family:Libre%20Baskerville%3Aregular%2Citalic%2C700|font_style:700%20bold%20regular%3A700%3Anormal&#8221; css=&#8221;.vc_custom_1541076242110{margin-bottom: 50px !important;}&#8221;][\/vc_column][\/vc_row][vc_row][vc_column width=&#8221;1\/2&#8243;][vc_custom_heading text=&#8221;P\u00e4\u00e4rakennuksen rappuset ja lava&#8221; font_container=&#8221;tag:h3|text_align:left|color:%2300b3e6&#8243; google_fonts=&#8221;font_family:Raleway%3A100%2C200%2C300%2Cregular%2C500%2C600%2C700%2C800%2C900|font_style:500%20bold%20regular%3A500%3Anormal&#8221;][vc_column_text]<\/p>\n<ul style=\"list-style-type: circle;\">\n<li style=\"text-align: left;\">\u00a075 m<sup>2<\/sup>, rappusille mahtuu istumaan 175 ihmist\u00e4.<\/li>\n<li style=\"text-align: left;\">Hinta: 150 \u20ac\/h<\/li>\n<\/ul>\n<p>[\/vc_column_text][vc_custom_heading text=&#8221;P\u00e4\u00e4rakennuksen opetushuone&#8221; font_container=&#8221;tag:h3|text_align:left|color:%2300b3e6&#8243; google_fonts=&#8221;font_family:Raleway%3A100%2C200%2C300%2Cregular%2C500%2C600%2C700%2C800%2C900|font_style:500%20bold%20regular%3A500%3Anormal&#8221;][vc_column_text]<\/p>\n<ul style=\"list-style-type: circle;\">\n<li style=\"text-align: left;\">43 m<sup>2<\/sup>, tilaan mahtuu 32 ihmist\u00e4.<\/li>\n<li style=\"text-align: left;\">Varustus: 9 p\u00f6yt\u00e4\u00e4 ja 32 tuolia, mahdollisuus k\u00e4ytt\u00e4\u00e4 my\u00f6s projektoria ja ja n\u00e4ytt\u00f6\u00e4.<\/li>\n<li style=\"text-align: left;\">Hinta: 36 \u20ac\/h<\/li>\n<\/ul>\n<p>[\/vc_column_text][vc_custom_heading text=&#8221;Koulurakennuksen luokkahuone&#8221; font_container=&#8221;tag:h3|text_align:left|color:%2300b3e6&#8243; google_fonts=&#8221;font_family:Raleway%3A100%2C200%2C300%2Cregular%2C500%2C600%2C700%2C800%2C900|font_style:500%20bold%20regular%3A500%3Anormal&#8221;][vc_column_text]<\/p>\n<h2 style=\"text-align: center;\"><\/h2>\n<ul style=\"list-style-type: circle;\">\n<li style=\"text-align: left;\">54 m<sup>2<\/sup>\u00a0, tilaan mahtuu 45 ihmist\u00e4.<\/li>\n<li style=\"text-align: left;\">Hinta: 36 \u20ac\/h<\/li>\n<\/ul>\n<p>[\/vc_column_text][vc_custom_heading text=&#8221;Koulurakennuksen n\u00e4yttelysali&#8221; font_container=&#8221;tag:h3|text_align:left|color:%2300b3e6&#8243; google_fonts=&#8221;font_family:Raleway%3A100%2C200%2C300%2Cregular%2C500%2C600%2C700%2C800%2C900|font_style:500%20bold%20regular%3A500%3Anormal&#8221;][vc_column_text]<\/p>\n<ul style=\"list-style-type: circle;\">\n<li style=\"text-align: left;\">118 m<sup>2<\/sup>\u00a0, tilaan mahtuu 70 ihmist\u00e4<\/li>\n<li style=\"text-align: left;\">Varustus: 50 tuolia, mahdollisuus k\u00e4ytt\u00e4\u00e4 projektoria ja n\u00e4ytt\u00f6\u00e4.<\/li>\n<li style=\"text-align: left;\">Hinta: 60 \u20ac\/h<\/li>\n<\/ul>\n<p>&nbsp;<\/p>\n<p>Kaikki hinnat sis\u00e4lt\u00e4v\u00e4t alvin.<\/p>\n<p>&nbsp;<\/p>\n<p><span style=\"font-family: arial, helvetica, sans-serif; font-size: 14pt;\"><span style=\"color: #333333;\"><a style=\"color: #333333;\" href=\"info@palamusemuuseum.ee\">Lis\u00e4info ja varaus<\/a><\/span><strong><span style=\"color: #ff6900;\"><a style=\"color: #ff6900;\" href=\"mailto:info@palamusemuuseum.ee\"> info@palamusemuuseum.ee <\/a><\/span><\/strong><\/span><\/p>\n<p><span style=\"font-family: arial, helvetica, sans-serif; font-size: 14pt; color: #333333;\">tai soittamalla +372 7760 514.<\/span>[\/vc_column_text][\/vc_column][vc_column width=&#8221;1\/2&#8243;][vc_single_image image=&#8221;17078&#8243; img_size=&#8221;large&#8221;][\/vc_column][\/vc_row]<\/p>\n<\/div>","protected":false},"excerpt":{"rendered":"<p>[vc_row][vc_column][vc_custom_heading text=&#8221;VUOKRATTAVAT TILAT JA HINNASTO&#8221; font_container=&#8221;tag:h1|text_align:left|color:%234c4c4c&#8221; google_fonts=&#8221;font_family:Libre%20Baskerville%3Aregular%2Citalic%2C700|font_style:700%20bold%20regular%3A700%3Anormal&#8221; css=&#8221;.vc_custom_1539947454896{margin-bottom: 50px !important;}&#8221;][vc_custom_heading text=&#8221;Palamusen museossa on mahdollisuus j\u00e4rjest\u00e4\u00e4 erilaisia tapahtumia, konsertteja ja muita merkkip\u00e4ivi\u00e4.&#8221; font_container=&#8221;tag:h2|font_size:23|text_align:left|color:%2300ab4e&#8221; google_fonts=&#8221;font_family:Libre%20Baskerville%3Aregular%2Citalic%2C700|font_style:700%20bold%20regular%3A700%3Anormal&#8221; css=&#8221;.vc_custom_1541076242110{margin-bottom: 50px !important;}&#8221;][\/vc_column][\/vc_row][vc_row][vc_column width=&#8221;1\/2&#8243;][vc_custom_heading text=&#8221;P\u00e4\u00e4rakennuksen rappuset ja lava&#8221; font_container=&#8221;tag:h3|text_align:left|color:%2300b3e6&#8243; google_fonts=&#8221;font_family:Raleway%3A100%2C200%2C300%2Cregular%2C500%2C600%2C700%2C800%2C900|font_style:500%20bold%20regular%3A500%3Anormal&#8221;][vc_column_text] \u00a075 m2, rappusille mahtuu istumaan 175 ihmist\u00e4. Hinta: 150 \u20ac\/h [\/vc_column_text][vc_custom_heading text=&#8221;P\u00e4\u00e4rakennuksen opetushuone&#8221; font_container=&#8221;tag:h3|text_align:left|color:%2300b3e6&#8243; google_fonts=&#8221;font_family:Raleway%3A100%2C200%2C300%2Cregular%2C500%2C600%2C700%2C800%2C900|font_style:500%20bold%20regular%3A500%3Anormal&#8221;][vc_column_text] 43 m2, tilaan mahtuu 32 ihmist\u00e4. Varustus: [&hellip;]<\/p>\n","protected":false},"author":3,"featured_media":0,"parent":0,"menu_order":0,"comment_status":"closed","ping_status":"closed","template":"","meta":{"_monsterinsights_skip_tracking":false,"_monsterinsights_sitenote_active":false,"_monsterinsights_sitenote_note":"","_monsterinsights_sitenote_category":0,"footnotes":""},"class_list":["post-17935","page","type-page","status-publish","hentry"],"_links":{"self":[{"href":"https:\/\/www.palamusemuuseum.ee\/fi\/wp-json\/wp\/v2\/pages\/17935","targetHints":{"allow":["GET"]}}],"collection":[{"href":"https:\/\/www.palamusemuuseum.ee\/fi\/wp-json\/wp\/v2\/pages"}],"about":[{"href":"https:\/\/www.palamusemuuseum.ee\/fi\/wp-json\/wp\/v2\/types\/page"}],"author":[{"embeddable":true,"href":"https:\/\/www.palamusemuuseum.ee\/fi\/wp-json\/wp\/v2\/users\/3"}],"replies":[{"embeddable":true,"href":"https:\/\/www.palamusemuuseum.ee\/fi\/wp-json\/wp\/v2\/comments?post=17935"}],"version-history":[{"count":4,"href":"https:\/\/www.palamusemuuseum.ee\/fi\/wp-json\/wp\/v2\/pages\/17935\/revisions"}],"predecessor-version":[{"id":18292,"href":"https:\/\/www.palamusemuuseum.ee\/fi\/wp-json\/wp\/v2\/pages\/17935\/revisions\/18292"}],"wp:attachment":[{"href":"https:\/\/www.palamusemuuseum.ee\/fi\/wp-json\/wp\/v2\/media?parent=17935"}],"curies":[{"name":"wp","href":"https:\/\/api.w.org\/{rel}","templated":true}]}}