{"id":17903,"date":"2018-10-28T14:48:32","date_gmt":"2018-10-28T12:48:32","guid":{"rendered":"https:\/\/palamusemuuseum.ee\/?page_id=17903"},"modified":"2026-02-26T16:36:21","modified_gmt":"2026-02-26T14:36:21","slug":"kavijalle","status":"publish","type":"page","link":"https:\/\/www.palamusemuuseum.ee\/fi\/kavijalle\/","title":{"rendered":"K\u00e4vij\u00e4lle"},"content":{"rendered":"<div class=\"wpb-content-wrapper\"><p>[vc_row][vc_column][vc_tta_tour style=&#8221;flat&#8221; color=&#8221;white&#8221; spacing=&#8221;25&#8243; active_section=&#8221;1&#8243; el_class=&#8221;visitation-tab&#8221; css=&#8221;.vc_custom_1538042328331{background-color: #ffffff !important;}&#8221;][vc_tta_section title=&#8221;Aukioloajat&#8221; tab_id=&#8221;aukioloajat&#8221;][vc_column_text]<\/p>\n<h3><span style=\"color: #00ab4e;\"><b>PALAMUSEN MUSEON AUKIOLOAJAT<\/b><\/span><\/h3>\n<p>&nbsp;<\/p>\n<p><strong>1. lokakuuta \u2013 30. huhtikuuta<\/strong><\/p>\n<p><strong>Tiistai &#8211; lauantai 10:00 &#8211; 18:00<\/strong><\/p>\n<p>&nbsp;<\/p>\n<p><strong>2. toukokuuta \u2013 30. syyskuuta<\/strong><\/p>\n<p><strong>JOKA P\u00c4IV\u00c4 10:00 &#8211; 18:00<\/strong><\/p>\n<p>Lipunmyynti loppuu puoli tuntia ennen sulkemisaikaa.<\/p>\n<p>&nbsp;<\/p>\n<p><span style=\"font-weight: 400;\">Museo on suljettu 1. tammikuuta, 24. helmikuuta, 23.-24<\/span><span style=\"font-weight: 400;\">. kes\u00e4kuuta, 20. elokuuta, 24.-26. joulukuuta.<\/span><\/p>\n<p>&nbsp;<\/p>\n<p>Museo on avoinna 23. helmikuuta, 22. kes\u00e4kuuta, 23. joulukuuta ja 31. joulukuuta 10\u201314.[\/vc_column_text][\/vc_tta_section][vc_tta_section title=&#8221;P\u00e4\u00e4symaksut&#8221; tab_id=&#8221;paasymaksut&#8221;][vc_column_text css=&#8221;.vc_custom_1767625241764{background-color: #ffffff !important;border-radius: 1px !important;}&#8221;]<\/p>\n<h3><strong><span style=\"color: #00ab4e;\">P\u00c4\u00c4SYMAKSUT<\/span><\/strong><\/h3>\n<p>&nbsp;<\/p>\n<p><strong>Yksitt\u00e4islippu &#8211; 6<\/strong>\u00a0\u20ac (*)<\/p>\n<p><strong>Alennus lippu<\/strong> \u00a0\u2013\u00a0 5 \u20ac (**)<\/p>\n<p><strong>N\u00e4yttelyn lippu &#8211; 3<\/strong>\u00a0\u20ac (***)<\/p>\n<p><strong>Museokierros oppaan kanssa &#8211;<\/strong> 40 \u20ac (****)<\/p>\n<p>&nbsp;<\/p>\n<p>* sis\u00e4\u00e4np\u00e4\u00e4sy museoon ja n\u00e4yttelyyn<\/p>\n<p>** enint\u00e4\u00e4n kaksi aikuista alaik\u00e4isten [9-18] lasten kanssa<\/p>\n<p>*** Koulurakennuksen toisessa kerroksessa olevaan vaihtuvaan n\u00e4yttelyyn<\/p>\n<p>**** Hintaan lis\u00e4\u00e4ntyy museon yksitt\u00e4islippu ihmisten m\u00e4\u00e4r\u00e4n mukaan. Vapaan kierrosajan varmistamiseksi pyyd\u00e4mme teit\u00e4 olemaan meihin yhteydess\u00e4 s\u00e4hk\u00f6postitse viisi p\u00e4iv\u00e4\u00e4 ennen vierailuanne. Kysy my\u00f6s vieraan kielen opastetuista museokierroksista:\u00a0<strong><span style=\"color: #ff6900;\"><a style=\"color: #ff6900;\" href=\"mailto:info@palamusemuuseum.ee\" target=\"_blank\" rel=\"noopener\">info@palamusemuuseum.ee<\/a><\/span><\/strong><\/p>\n<p>&nbsp;<\/p>\n<p>&nbsp;<\/p>\n<p><strong>Suosittelemme museon vierailuun noin 1,5 tuntia!\u00a0<\/strong><\/p>\n<p>&nbsp;<\/p>\n<p><span style=\"font-weight: 400;\">Palamusen museon n\u00e4yttely on viron, ven\u00e4j\u00e4n ja englanninkielinen.<\/span><\/p>\n<p>\u00c4\u00e4nioppaat jakavat tietoa englanniksi, ven\u00e4j\u00e4ksi, suomeksi, latviaksi ja viroksi. Kysy \u00e4\u00e4nioppaasta tarkemmin lippukassasta. \u00c4\u00e4nioppaan k\u00e4ytt\u00f6 on ilmaista!<\/p>\n<p>&nbsp;<\/p>\n<p>Euroopan sosiaalirahasto tuki \u00e4\u00e4nioppaiden rahoitusta projektin \u201dIntegraatiota tukevat toimenpiteet Viron yhteiskunnassa\u201d ja sen alaprojektin \u201dMuun kielisten tietojen esitt\u00e4mismahdollisuuksien lis\u00e4\u00e4minen\u201d puitteissa.<\/p>\n<p>&nbsp;<\/p>\n<p><img loading=\"lazy\" decoding=\"async\" class=\"wp-image-19170 alignleft\" src=\"https:\/\/www.palamusemuuseum.ee\/wp-content\/uploads\/2019\/05\/2014-2020_EL_Sotsiaalfond-400x211.jpg\" alt=\"\" width=\"217\" height=\"115\" srcset=\"https:\/\/www.palamusemuuseum.ee\/wp-content\/uploads\/2019\/05\/2014-2020_EL_Sotsiaalfond-400x211.jpg 400w, https:\/\/www.palamusemuuseum.ee\/wp-content\/uploads\/2019\/05\/2014-2020_EL_Sotsiaalfond-768x406.jpg 768w, https:\/\/www.palamusemuuseum.ee\/wp-content\/uploads\/2019\/05\/2014-2020_EL_Sotsiaalfond-1024x541.jpg 1024w, https:\/\/www.palamusemuuseum.ee\/wp-content\/uploads\/2019\/05\/2014-2020_EL_Sotsiaalfond-600x317.jpg 600w, https:\/\/www.palamusemuuseum.ee\/wp-content\/uploads\/2019\/05\/2014-2020_EL_Sotsiaalfond.jpg 1600w\" sizes=\"auto, (max-width: 217px) 100vw, 217px\" \/><img loading=\"lazy\" decoding=\"async\" class=\"wp-image-19175 alignleft\" src=\"https:\/\/www.palamusemuuseum.ee\/wp-content\/uploads\/2019\/05\/MISA-inglise-400x271.jpg\" alt=\"\" width=\"215\" height=\"145\" srcset=\"https:\/\/www.palamusemuuseum.ee\/wp-content\/uploads\/2019\/05\/MISA-inglise-400x271.jpg 400w, https:\/\/www.palamusemuuseum.ee\/wp-content\/uploads\/2019\/05\/MISA-inglise.jpg 584w\" sizes=\"auto, (max-width: 215px) 100vw, 215px\" \/><img loading=\"lazy\" decoding=\"async\" class=\"wp-image-19180 alignnone\" src=\"https:\/\/www.palamusemuuseum.ee\/wp-content\/uploads\/2019\/05\/MISA-logo-400x80.jpg\" alt=\"\" width=\"375\" height=\"75\" srcset=\"https:\/\/www.palamusemuuseum.ee\/wp-content\/uploads\/2019\/05\/MISA-logo-400x80.jpg 400w, https:\/\/www.palamusemuuseum.ee\/wp-content\/uploads\/2019\/05\/MISA-logo-768x153.jpg 768w, https:\/\/www.palamusemuuseum.ee\/wp-content\/uploads\/2019\/05\/MISA-logo-600x120.jpg 600w, https:\/\/www.palamusemuuseum.ee\/wp-content\/uploads\/2019\/05\/MISA-logo.jpg 989w\" sizes=\"auto, (max-width: 375px) 100vw, 375px\" \/><\/p>\n<p>&nbsp;<\/p>\n<p>&nbsp;<\/p>\n<p>&nbsp;<\/p>\n<p>&nbsp;<\/p>\n<p>&nbsp;<\/p>\n<p>Museossa voi maksaa k\u00e4teisell\u00e4 tai pankkikortilla.[\/vc_column_text][vc_column_text]<\/p>\n<h3><strong><span style=\"color: #00ab4e;\">ILMAISEKSI P\u00c4\u00c4SEV\u00c4T MUSEOON<\/span><\/strong><\/h3>\n<p>&nbsp;<\/p>\n<ul style=\"list-style-type: circle;\">\n<li>Alle 8 vuotiaat;<\/li>\n<li>Suurperheet (alkaen 4 lasta);<\/li>\n<li>enint\u00e4\u00e4n 16-vuotiaat vammaiset lapset (todistuksen perusteella) ja heid\u00e4n saattajansa;<\/li>\n<li>vaikeasti vammaiset 16-vuotiaat ja vanhemmat henkil\u00f6t (todistuksen perusteella) ja heid\u00e4n saattajansa;<\/li>\n<li>Viron museoiden ty\u00f6ntekij\u00e4t ty\u00f6todistuksen perusteella;<\/li>\n<li>Viron Museoyhdistyksen j\u00e4senet;<\/li>\n<li>ICOM-kortin haltijat.<\/li>\n<\/ul>\n<p>[\/vc_column_text][vc_column_text]<\/p>\n<h3><strong><span style=\"color: #00ab4e;\">TULE ILMAISEKSI MUSEOON<\/span><\/strong><\/h3>\n<p>&nbsp;<\/p>\n<ul style=\"list-style-type: circle;\">\n<li><span style=\"font-weight: 400;\">\u00a07. tammikuuta (Oskar Lutsin syntym\u00e4aika), <\/span><\/li>\n<li><span style=\"font-weight: 400;\">18. toukokuuta (kansainv\u00e4linen museop\u00e4iv\u00e4), <\/span><\/li>\n<li><span style=\"font-weight: 400;\">1. kes\u00e4kuuta (kansainv\u00e4linen lasten p\u00e4iv\u00e4).<\/span><\/li>\n<\/ul>\n<p>[\/vc_column_text][\/vc_tta_section][vc_tta_section title=&#8221;Esteett\u00f6myys ja pys\u00e4k\u00f6iminen&#8221; tab_id=&#8221;saavutettavuus&#8221;][vc_row_inner][vc_column_inner width=&#8221;1\/2&#8243;][vc_column_text]Parkkipaikat l\u00f6ytyv\u00e4t eri puolilta Palamusen kyl\u00e4\u00e4.<\/p>\n<p>&nbsp;<\/p>\n<p>Parkkipaikka linja-autoille l\u00f6ytyy Uue ja Kalmistu kadun kulmalla. Museoon on parkkipaikalta matkaa noin 150 m. Pys\u00e4k\u00f6inti on ilmaista.<\/p>\n<p>&nbsp;<\/p>\n<p>Py\u00f6r\u00e4tuolilla ja lastenrattailla p\u00e4\u00e4sy koulutaloon hankala!<\/p>\n<p>&nbsp;<\/p>\n<p>P\u00e4\u00e4rakennuksessa on py\u00f6r\u00e4tuolinostin.[\/vc_column_text][\/vc_column_inner][vc_column_inner width=&#8221;1\/2&#8243;][vc_gmaps link=&#8221;#E-8_JTBBJTNDaWZyYW1lJTIwc3JjJTNEJTIyaHR0cHMlM0ElMkYlMkZ3d3cuZ29vZ2xlLmNvbSUyRm1hcHMlMkZlbWJlZCUzRnBiJTNEJTIxMW0xOCUyMTFtMTIlMjExbTMlMjExZDIyMzUuNTQ1MjExNjA4MDA4NyUyMTJkMjYuNTgxMTA1NzA4MjQ0NjYlMjEzZDU4LjY4MjU3MDY2MTYzMTkzJTIxMm0zJTIxMWYwJTIxMmYwJTIxM2YwJTIxM20yJTIxMWkxMDI0JTIxMmk3NjglMjE0ZjEzLjElMjEzbTMlMjExbTIlMjExczB4NDY5NGIxZGI1OTVhZWYzZCUyNTNBMHhjN2Q2MDBiY2FiNjE1ODQwJTIxMnNLJTI1QzMlMjVCNnN0cmklMkJhbGxlZSUyQjMlMjUyQyUyQlBhbGFtdXNlJTI1MkMlMkI0OTIyNiUyQkolMjVDMyUyNUI1Z2V2YSUyQm1hYWtvbmQlMjE1ZTAlMjEzbTIlMjExc2VuJTIxMnNlZSUyMTR2MTUzODA0NTg0NTQ5NyUyMiUyMHdpZHRoJTNEJTIyNjAwJTIyJTIwaGVpZ2h0JTNEJTIyNDUwJTIyJTIwZnJhbWVib3JkZXIlM0QlMjIwJTIyJTIwc3R5bGUlM0QlMjJib3JkZXIlM0EwJTIyJTIwYWxsb3dmdWxsc2NyZWVuJTNFJTNDJTJGaWZyYW1lJTNF&#8221;][\/vc_column_inner][\/vc_row_inner][\/vc_tta_section][vc_tta_section title=&#8221;Yhteisty\u00f6kumppanit&#8221; tab_id=&#8221;yhteistyokumppanit&#8221;][vc_row_inner][vc_column_inner][vc_custom_heading text=&#8221;Alueen n\u00e4ht\u00e4vyydet:&#8221; font_container=&#8221;tag:h2|font_size:18|text_align:left|color:%234c4c4c&#8221; google_fonts=&#8221;font_family:Libre%20Baskerville%3Aregular%2Citalic%2C700|font_style:700%20bold%20regular%3A700%3Anormal&#8221;][vc_column_text]<\/p>\n<div class=\"vc_row wpb_row vc_inner vc_row-fluid\">\n<div class=\"wpb_column vc_column_container vc_col-sm-6\">\n<div class=\"vc_column-inner \">\n<div class=\"wpb_wrapper\">\n<div class=\"wpb_text_column wpb_content_element \">\n<div class=\"wpb_wrapper\">\n<p><strong><a href=\"http:\/\/www.jaaaeg.ee\/\" target=\"_blank\" rel=\"noopener\"><span style=\"color: #ff6900;\"><span style=\"text-decoration: underline;\">J\u00e4\u00e4kausikeskus<\/span><\/span><\/a><\/strong><\/p>\n<p><span style=\"text-decoration: underline;\"><strong><span style=\"color: #ff6900; text-decoration: underline;\"><a style=\"color: #ff6900; text-decoration: underline;\" href=\"http:\/\/www.kalevipojakoda.ee\/\" target=\"_blank\" rel=\"noopener\">Kalevipoja koda<\/a><\/span><\/strong><\/span><\/p>\n<p><span style=\"text-decoration: underline;\"><strong><span style=\"color: #ff6900; text-decoration: underline;\"><a style=\"color: #ff6900; text-decoration: underline;\" href=\"https:\/\/loodusegakoos.ee\/elistvere-loomapark\" target=\"_blank\" rel=\"noopener\">Elistveren el\u00e4inpuisto<\/a><\/span><\/strong><\/span><\/p>\n<p><span style=\"text-decoration: underline;\"><strong><span style=\"color: #ff6900; text-decoration: underline;\"><a style=\"color: #ff6900; text-decoration: underline;\" href=\"http:\/\/www.muusa.ee\/\" target=\"_blank\" rel=\"noopener\">Liivi museo<\/a><\/span><\/strong><\/span><\/p>\n<p><span style=\"text-decoration: underline;\"><strong><span style=\"color: #ff6900; text-decoration: underline;\"><a style=\"color: #ff6900; text-decoration: underline;\" href=\"http:\/\/www.kuremaaloss.ee\/\" target=\"_blank\" rel=\"noopener\">Kuremaan linna ja mylly<\/a><\/span><\/strong><\/span><\/p>\n<p><span style=\"text-decoration: underline;\"><strong><span style=\"color: #ff6900; text-decoration: underline;\"><a style=\"color: #ff6900; text-decoration: underline;\" href=\"http:\/\/www.bettimuuseum.ee\" target=\"_blank\" rel=\"noopener\">Betti Alverin museo<\/a><\/span><\/strong><\/span><\/p>\n<p><span style=\"text-decoration: underline;\"><strong><span style=\"color: #ff6900; text-decoration: underline;\"><a style=\"color: #ff6900; text-decoration: underline;\" href=\"http:\/\/www.vudila.ee\/\" target=\"_blank\" rel=\"noopener\">Vudila leikkipuisto<\/a><\/span><\/strong><\/span><\/div>\n<\/div>\n<\/div>\n<\/div>\n<\/div>\n<\/div>\n<p>[\/vc_column_text][vc_custom_heading text=&#8221;Ruokailu:&#8221; font_container=&#8221;tag:h2|font_size:18|text_align:left|color:%234c4c4c&#8221; google_fonts=&#8221;font_family:Libre%20Baskerville%3Aregular%2Citalic%2C700|font_style:700%20bold%20regular%3A700%3Anormal&#8221;][vc_column_text]<span style=\"text-decoration: underline;\"><strong><span style=\"color: #ff6900; text-decoration: underline;\"><a style=\"color: #ff6900; text-decoration: underline;\" href=\"http:\/\/www.jaaaeg.ee\/\" target=\"_blank\" rel=\"noopener\">J\u00e4\u00e4kausikeskuksen J\u00e4\u00e4karu kahvila<\/a><\/span><\/strong><\/span><\/p>\n<p><strong><span style=\"color: #ff6900;\"><a style=\"color: #ff6900;\" href=\"http:\/\/www.juulamois.ee\/\" target=\"_blank\" rel=\"noopener\"><span style=\"text-decoration: underline;\">Juulam\u00f5isa kahvila<\/span><\/a><\/span><\/strong><\/p>\n<p><span style=\"text-decoration: underline;\"><strong><span style=\"color: #ff6900; text-decoration: underline;\"><a style=\"color: #ff6900; text-decoration: underline;\" href=\"http:\/\/www.facebook.com\/LaisholmPub\" target=\"_blank\" rel=\"noopener\">Laisholm Pubi J\u00f5gevalla<\/a><\/span><\/strong><\/span><\/p>\n<p><span style=\"text-decoration: underline;\"><span style=\"color: #ff6900; text-decoration: underline;\"><a style=\"color: #ff6900; text-decoration: underline;\" href=\"http:\/\/www.kuremaaujula.ee\/\"><strong>Kuremaan\u00a0uimahallin kahvila<\/strong><\/a><\/span><\/span>[\/vc_column_text][vc_custom_heading text=&#8221;Majoitus:&#8221; font_container=&#8221;tag:h2|font_size:18|text_align:left|color:%234c4c4c&#8221; google_fonts=&#8221;font_family:Libre%20Baskerville%3Aregular%2Citalic%2C700|font_style:700%20bold%20regular%3A700%3Anormal&#8221;][vc_column_text]<span style=\"text-decoration: underline;\"><a href=\"http:\/\/tartuhotell.ee\/fi\/\" target=\"_blank\" rel=\"noopener\"><strong><span style=\"color: #ff6900; text-decoration: underline;\">Hotell Tartu<\/span><\/strong><\/a><\/span><\/p>\n<p><span style=\"text-decoration: underline;\"><a href=\"http:\/\/www.palamusekogudus.ee\/\" target=\"_blank\" rel=\"noopener\"><strong><span style=\"color: #ff6900; text-decoration: underline;\">EELK Palamuse P\u00fcha Bartholomeuse seurakunnan vierashuoneet\u00a0<\/span><\/strong><\/a><\/span><\/p>\n<p><span style=\"text-decoration: underline;\"><strong><span style=\"color: #ff6900; text-decoration: underline;\"><a style=\"color: #ff6900; text-decoration: underline;\" href=\"http:\/\/www.mokko.ee\/\" target=\"_blank\" rel=\"noopener\">Mokko Maahotelli<\/a><\/span><\/strong><\/span><\/p>\n<p><span style=\"text-decoration: underline;\"><strong><span style=\"color: #ff6900; text-decoration: underline;\"><a style=\"color: #ff6900; text-decoration: underline;\" href=\"http:\/\/www.udutalu.ee\/\" target=\"_blank\" rel=\"noopener\">Udu Talu<\/a><\/span><\/strong><\/span><\/p>\n<p><span style=\"text-decoration: underline;\"><strong><span style=\"color: #ff6900; text-decoration: underline;\"><a style=\"color: #ff6900; text-decoration: underline;\" href=\"http:\/\/www.kuremaaujula.ee\/\" target=\"_blank\" rel=\"noopener\">Kuremaan uimahallin vierashuoneet<\/a><\/span><\/strong><\/span><\/p>\n<p><span style=\"text-decoration: underline;\"><strong><span style=\"color: #ff6900; text-decoration: underline;\"><a style=\"color: #ff6900; text-decoration: underline;\" href=\"http:\/\/www.voorepuhkekeskus.ee\/\" target=\"_blank\" rel=\"noopener\">Vooren lomakeskus<\/a><\/span><\/strong><\/span><\/p>\n<p><span style=\"text-decoration: underline;\"><strong><span style=\"color: #ff6900; text-decoration: underline;\"><a style=\"color: #ff6900; text-decoration: underline;\" href=\"http:\/\/www.jogevasport.ee\/\" target=\"_blank\" rel=\"noopener\">J\u00f5gevan urheilukeskus<\/a><\/span><\/strong><\/span>[\/vc_column_text][\/vc_column_inner][\/vc_row_inner][\/vc_tta_section][vc_tta_section title=&#8221;T\u00f5nissonin kahvila&#8221; tab_id=&#8221;kahvila&#8221;][vc_column_text]<\/p>\n<pre class=\"tw-data-text tw-text-large tw-ta\" dir=\"ltr\" data-placeholder=\"T\u00f5lge\" data-ved=\"2ahUKEwiL95OAsNeBAxWeIRAIHZmhDuwQ3ewLegQICBAQ\"><span class=\"Y2IQFc\" lang=\"fi\" style=\"font-family: georgia, palatino, serif;\"><strong><span style=\"color: #339966;\">T\u00f5nissonin kahvila<\/span><\/strong><\/span><\/pre>\n<p>+372 511 8478, Esta<\/p>\n<p>&nbsp;<\/p>\n<p><a href=\"https:\/\/palamusemuuseum.ee\/wp-content\/uploads\/2018\/10\/kohviku-terass.jpg\"><img loading=\"lazy\" decoding=\"async\" class=\"alignnone size-medium wp-image-17382\" src=\"https:\/\/www.palamusemuuseum.ee\/wp-content\/uploads\/2018\/10\/kohviku-terass-400x204.jpg\" alt=\"kohviku terass\" width=\"400\" height=\"204\" srcset=\"https:\/\/www.palamusemuuseum.ee\/wp-content\/uploads\/2018\/10\/kohviku-terass-400x204.jpg 400w, https:\/\/www.palamusemuuseum.ee\/wp-content\/uploads\/2018\/10\/kohviku-terass-768x392.jpg 768w, https:\/\/www.palamusemuuseum.ee\/wp-content\/uploads\/2018\/10\/kohviku-terass-1024x522.jpg 1024w, https:\/\/www.palamusemuuseum.ee\/wp-content\/uploads\/2018\/10\/kohviku-terass-600x306.jpg 600w, https:\/\/www.palamusemuuseum.ee\/wp-content\/uploads\/2018\/10\/kohviku-terass.jpg 1995w\" sizes=\"auto, (max-width: 400px) 100vw, 400px\" \/><\/a>[\/vc_column_text][\/vc_tta_section][\/vc_tta_tour][\/vc_column][\/vc_row]<\/p>\n<\/div>","protected":false},"excerpt":{"rendered":"<p>[vc_row][vc_column][vc_tta_tour style=&#8221;flat&#8221; color=&#8221;white&#8221; spacing=&#8221;25&#8243; active_section=&#8221;1&#8243; el_class=&#8221;visitation-tab&#8221; css=&#8221;.vc_custom_1538042328331{background-color: #ffffff !important;}&#8221;][vc_tta_section title=&#8221;Aukioloajat&#8221; tab_id=&#8221;aukioloajat&#8221;][vc_column_text] PALAMUSEN MUSEON AUKIOLOAJAT &nbsp; 1. lokakuuta \u2013 30. huhtikuuta Tiistai &#8211; lauantai 10:00 &#8211; 18:00 &nbsp; 2. toukokuuta \u2013 30. syyskuuta JOKA P\u00c4IV\u00c4 10:00 &#8211; 18:00 Lipunmyynti loppuu puoli tuntia ennen sulkemisaikaa. &nbsp; Museo on suljettu 1. tammikuuta, 24. helmikuuta, 23.-24. kes\u00e4kuuta, 20. elokuuta, [&hellip;]<\/p>\n","protected":false},"author":3,"featured_media":0,"parent":0,"menu_order":0,"comment_status":"closed","ping_status":"closed","template":"","meta":{"_monsterinsights_skip_tracking":false,"_monsterinsights_sitenote_active":false,"_monsterinsights_sitenote_note":"","_monsterinsights_sitenote_category":0,"footnotes":""},"class_list":["post-17903","page","type-page","status-publish","hentry"],"_links":{"self":[{"href":"https:\/\/www.palamusemuuseum.ee\/fi\/wp-json\/wp\/v2\/pages\/17903","targetHints":{"allow":["GET"]}}],"collection":[{"href":"https:\/\/www.palamusemuuseum.ee\/fi\/wp-json\/wp\/v2\/pages"}],"about":[{"href":"https:\/\/www.palamusemuuseum.ee\/fi\/wp-json\/wp\/v2\/types\/page"}],"author":[{"embeddable":true,"href":"https:\/\/www.palamusemuuseum.ee\/fi\/wp-json\/wp\/v2\/users\/3"}],"replies":[{"embeddable":true,"href":"https:\/\/www.palamusemuuseum.ee\/fi\/wp-json\/wp\/v2\/comments?post=17903"}],"version-history":[{"count":63,"href":"https:\/\/www.palamusemuuseum.ee\/fi\/wp-json\/wp\/v2\/pages\/17903\/revisions"}],"predecessor-version":[{"id":24489,"href":"https:\/\/www.palamusemuuseum.ee\/fi\/wp-json\/wp\/v2\/pages\/17903\/revisions\/24489"}],"wp:attachment":[{"href":"https:\/\/www.palamusemuuseum.ee\/fi\/wp-json\/wp\/v2\/media?parent=17903"}],"curies":[{"name":"wp","href":"https:\/\/api.w.org\/{rel}","templated":true}]}}