{"id":18038,"date":"2018-10-02T14:51:09","date_gmt":"2018-10-02T11:51:09","guid":{"rendered":"https:\/\/palamusemuuseum.ee\/projektid\/"},"modified":"2019-01-07T15:13:10","modified_gmt":"2019-01-07T13:13:10","slug":"projects","status":"publish","type":"page","link":"https:\/\/www.palamusemuuseum.ee\/en\/projects\/","title":{"rendered":"Projects"},"content":{"rendered":"<div class=\"wpb-content-wrapper\"><p>[vc_row][vc_column][vc_column_text]<strong>L\u00fchikirjeldus<\/strong><\/p>\n<p><strong>\u00a0<\/strong><\/p>\n<p>Palamuse muuseumikompleksi arendusprojekti investeeringu infrastruktuuriobjektideks on olemasolev muuseumihoone (486 m<sup>2<\/sup>) ja rajatav uus k\u00fclastuskeskus (566 m<sup>2<\/sup>), m\u00f5lema hoone ekspositsioonid ning<\/p>\n<p>hoonetega kaasnev muu infrastruktuur (valgustus, parkla ja viidad). Projekti raames arendatakse ja mitmekesistatakse ka pakutavaid teenuseid, temaatilisi programme ja pakette, eriti pereturistide ja v\u00e4lisk\u00fclastajate vajadusi silmas pidades.<\/p>\n<p>&nbsp;<\/p>\n<p><strong>Eesm\u00e4rk<\/strong><\/p>\n<p>Arendusprojekti \u00fcldiseks eesm\u00e4rgiks on investeeringu kaudu pereturistide ja v\u00e4lisk\u00fclastajate osakaalu suurendamine (ca 28% ehk \u00fcle 10 000 v\u00e4lisk\u00fclastaja aastaks 2023) Palamuse muuseumikompleksis, et seel\u00e4bi t\u00f5sta piirkonnas ettev\u00f5tlus- ja majandusaktiivsust ning<\/p>\n<p>t\u00f6\u00f6h\u00f5ivet J\u00f5gevamaal Palamuse vallas.<\/p>\n<p>&nbsp;<\/p>\n<p><strong>Projekti tulemused:<\/strong><\/p>\n<ol>\n<li>V\u00e4lja on arendatud terviklik turismiinfrastruktuur \u2013 uus k\u00fclastuskeskus (566 m<sup>2<\/sup>) ja autentse 19.sajandi kihelkonnakooli stiilis muuseumihoone (486 m<sup>2<\/sup>) koos t\u00e4nap\u00e4evaste ekspositsioonide, teenuste, pakettide, kohviku ja muu toetava infrastruktuuriga.<\/li>\n<\/ol>\n<p>&nbsp;<\/p>\n<ol start=\"2\">\n<li>Olemasolev muuseumihoone on muudetud autentseks vanaks kihelkonnakooliks, mis pakub 19. sajandi kihelkonnakooli milj\u00f6\u00f6ga elamusi nii eesti kui v\u00e4listuristidele.<\/li>\n<\/ol>\n<p>&nbsp;<\/p>\n<ol start=\"3\">\n<li>Palamuse muuseumikompleksis on infrastruktuuri, teenuste ja pakettide arendamise kaudu<\/li>\n<\/ol>\n<p>pikendatud oluliselt k\u00fclastaja k\u00fclastuskeskuses viibimise aega, mis omakorda toetab piirkonna ettev\u00f5tluskeskkonda (majutus jm teenindus) \u2013 luuakse uusi ja kaudseid t\u00f6\u00f6kohti.<\/p>\n<p>&nbsp;<\/p>\n<ol start=\"4\">\n<li>Aastaks 2023 on k\u00fclastuskeskuse ja muuseumihoone k\u00fclastajate koguarv t\u00f5usnud ca 38 000<\/li>\n<\/ol>\n<p>k\u00fclastajani, sh oluliselt t\u00f5usnud pereturistide osakaal (45% k\u00fclastajatest).<\/p>\n<p>&nbsp;<\/p>\n<ol start=\"5\">\n<li>Edukalt ellu viidud turundust\u00f6\u00f6 tulemusena on piirkonnas toimiv turismikoost\u00f6\u00f6, turismimarsruut ja v\u00e4lisk\u00fclastajate (t\u00e4htsamateks sihtturgudeks on Soome, L\u00e4ti, Venemaa) arv on aastaks 2020 t\u00f5usnud ligi 15%.<\/li>\n<\/ol>\n<p><strong>Toetaja:<\/strong> Euroopa Regionaalarengu Fond[\/vc_column_text][\/vc_column][\/vc_row]<\/p>\n<\/div>","protected":false},"excerpt":{"rendered":"<p>[vc_row][vc_column][vc_column_text]L\u00fchikirjeldus \u00a0 Palamuse muuseumikompleksi arendusprojekti investeeringu infrastruktuuriobjektideks on olemasolev muuseumihoone (486 m2) ja rajatav uus k\u00fclastuskeskus (566 m2), m\u00f5lema hoone ekspositsioonid ning hoonetega kaasnev muu infrastruktuur (valgustus, parkla ja viidad). Projekti raames arendatakse ja mitmekesistatakse ka pakutavaid teenuseid, temaatilisi programme ja pakette, eriti pereturistide ja v\u00e4lisk\u00fclastajate vajadusi silmas pidades. &nbsp; Eesm\u00e4rk Arendusprojekti \u00fcldiseks eesm\u00e4rgiks on [&hellip;]<\/p>\n","protected":false},"author":3,"featured_media":0,"parent":0,"menu_order":0,"comment_status":"closed","ping_status":"closed","template":"","meta":{"_monsterinsights_skip_tracking":false,"_monsterinsights_sitenote_active":false,"_monsterinsights_sitenote_note":"","_monsterinsights_sitenote_category":0,"footnotes":""},"class_list":["post-18038","page","type-page","status-publish","hentry"],"_links":{"self":[{"href":"https:\/\/www.palamusemuuseum.ee\/en\/wp-json\/wp\/v2\/pages\/18038","targetHints":{"allow":["GET"]}}],"collection":[{"href":"https:\/\/www.palamusemuuseum.ee\/en\/wp-json\/wp\/v2\/pages"}],"about":[{"href":"https:\/\/www.palamusemuuseum.ee\/en\/wp-json\/wp\/v2\/types\/page"}],"author":[{"embeddable":true,"href":"https:\/\/www.palamusemuuseum.ee\/en\/wp-json\/wp\/v2\/users\/3"}],"replies":[{"embeddable":true,"href":"https:\/\/www.palamusemuuseum.ee\/en\/wp-json\/wp\/v2\/comments?post=18038"}],"version-history":[{"count":1,"href":"https:\/\/www.palamusemuuseum.ee\/en\/wp-json\/wp\/v2\/pages\/18038\/revisions"}],"predecessor-version":[{"id":18042,"href":"https:\/\/www.palamusemuuseum.ee\/en\/wp-json\/wp\/v2\/pages\/18038\/revisions\/18042"}],"wp:attachment":[{"href":"https:\/\/www.palamusemuuseum.ee\/en\/wp-json\/wp\/v2\/media?parent=18038"}],"curies":[{"name":"wp","href":"https:\/\/api.w.org\/{rel}","templated":true}]}}